{"id":3785,"date":"2021-02-12T13:02:06","date_gmt":"2021-02-12T13:02:06","guid":{"rendered":"https:\/\/postresultzama.com\/?page_id=3785"},"modified":"2024-10-25T08:46:35","modified_gmt":"2024-10-25T07:46:35","slug":"contacto","status":"publish","type":"page","link":"https:\/\/www.postresultzama.com\/eu\/contacto\/","title":{"rendered":"Kontaktua:"},"content":{"rendered":"\t\t<div data-elementor-type=\"wp-page\" data-elementor-id=\"3785\" class=\"elementor elementor-3785\" data-elementor-post-type=\"page\">\n\t\t\t\t\t\t<section class=\"elementor-section elementor-top-section elementor-element elementor-element-1bd6c95 elementor-section-full_width elementor-section-height-min-height elementor-section-stretched elementor-section-height-default elementor-section-items-middle\" data-id=\"1bd6c95\" data-element_type=\"section\" data-e-type=\"section\" data-settings=\"{&quot;stretch_section&quot;:&quot;section-stretched&quot;}\">\n\t\t\t\t\t\t<div class=\"elementor-container elementor-column-gap-no\">\n\t\t\t\t\t<div class=\"elementor-column elementor-col-100 elementor-top-column elementor-element elementor-element-242c91a\" data-id=\"242c91a\" data-element_type=\"column\" data-e-type=\"column\">\n\t\t\t<div class=\"elementor-widget-wrap elementor-element-populated\">\n\t\t\t\t\t\t<div class=\"elementor-element elementor-element-d30057d elementor--h-position-left elementor--v-position-middle elementor-pagination-position-inside elementor-widget elementor-widget-slides\" data-id=\"d30057d\" data-element_type=\"widget\" data-e-type=\"widget\" data-settings=\"{&quot;navigation&quot;:&quot;dots&quot;,&quot;autoplay&quot;:&quot;yes&quot;,&quot;pause_on_hover&quot;:&quot;yes&quot;,&quot;pause_on_interaction&quot;:&quot;yes&quot;,&quot;autoplay_speed&quot;:5000,&quot;infinite&quot;:&quot;yes&quot;,&quot;transition&quot;:&quot;slide&quot;,&quot;transition_speed&quot;:500}\" data-widget_type=\"slides.default\">\n\t\t\t\t<div class=\"elementor-widget-container\">\n\t\t\t\t\t\t\t\t\t<div class=\"elementor-swiper\">\n\t\t\t\t\t<div class=\"elementor-slides-wrapper elementor-main-swiper swiper\" role=\"region\" aria-roledescription=\"carousel\" aria-label=\"Slides\" dir=\"ltr\" data-animation=\"fadeInUp\">\n\t\t\t\t<div class=\"swiper-wrapper elementor-slides\">\n\t\t\t\t\t\t\t\t\t\t<div class=\"elementor-repeater-item-a08f556 swiper-slide\" role=\"group\" aria-roledescription=\"slide\"><div class=\"swiper-slide-bg\" role=\"img\" aria-label=\"contacto\"><\/div><div class=\"swiper-slide-inner\" ><div class=\"swiper-slide-contents\"><\/div><\/div><\/div>\t\t\t\t<\/div>\n\t\t\t\t\t\t\t<\/div>\n\t\t\t\t<\/div>\n\t\t\t\t\t\t\t\t<\/div>\n\t\t\t\t<\/div>\n\t\t\t\t\t<\/div>\n\t\t<\/div>\n\t\t\t\t\t<\/div>\n\t\t<\/section>\n\t\t\t\t<section class=\"elementor-section elementor-top-section elementor-element elementor-element-93f35a0 elementor-section-full_width elementor-section-height-default elementor-section-height-default\" data-id=\"93f35a0\" data-element_type=\"section\" data-e-type=\"section\">\n\t\t\t\t\t\t<div class=\"elementor-container elementor-column-gap-default\">\n\t\t\t\t\t<div class=\"elementor-column elementor-col-100 elementor-top-column elementor-element elementor-element-228c1a7\" data-id=\"228c1a7\" data-element_type=\"column\" data-e-type=\"column\">\n\t\t\t<div class=\"elementor-widget-wrap elementor-element-populated\">\n\t\t\t\t\t\t<div class=\"elementor-element elementor-element-c24053e elementor-widget elementor-widget-spacer\" data-id=\"c24053e\" data-element_type=\"widget\" data-e-type=\"widget\" data-widget_type=\"spacer.default\">\n\t\t\t\t<div class=\"elementor-widget-container\">\n\t\t\t\t\t\t\t<div class=\"elementor-spacer\">\n\t\t\t<div class=\"elementor-spacer-inner\"><\/div>\n\t\t<\/div>\n\t\t\t\t\t\t<\/div>\n\t\t\t\t<\/div>\n\t\t\t\t<div class=\"elementor-element elementor-element-5535943 elementor-widget elementor-widget-heading\" data-id=\"5535943\" data-element_type=\"widget\" data-e-type=\"widget\" data-widget_type=\"heading.default\">\n\t\t\t\t<div class=\"elementor-widget-container\">\n\t\t\t\t\t<h1 class=\"elementor-heading-title elementor-size-default\">Contacto<\/h1>\t\t\t\t<\/div>\n\t\t\t\t<\/div>\n\t\t\t\t<div class=\"elementor-element elementor-element-9df0f74 elementor-widget-divider--view-line elementor-widget elementor-widget-divider\" data-id=\"9df0f74\" data-element_type=\"widget\" data-e-type=\"widget\" data-widget_type=\"divider.default\">\n\t\t\t\t<div class=\"elementor-widget-container\">\n\t\t\t\t\t\t\t<div class=\"elementor-divider\">\n\t\t\t<span class=\"elementor-divider-separator\">\n\t\t\t\t\t\t<\/span>\n\t\t<\/div>\n\t\t\t\t\t\t<\/div>\n\t\t\t\t<\/div>\n\t\t\t\t\t<\/div>\n\t\t<\/div>\n\t\t\t\t\t<\/div>\n\t\t<\/section>\n\t\t\t\t<section class=\"elementor-section elementor-top-section elementor-element elementor-element-f793d32 elementor-section-boxed elementor-section-height-default elementor-section-height-default\" data-id=\"f793d32\" data-element_type=\"section\" data-e-type=\"section\">\n\t\t\t\t\t\t<div class=\"elementor-container elementor-column-gap-default\">\n\t\t\t\t\t<div class=\"elementor-column elementor-col-25 elementor-top-column elementor-element elementor-element-dcad4dd\" data-id=\"dcad4dd\" data-element_type=\"column\" data-e-type=\"column\">\n\t\t\t<div class=\"elementor-widget-wrap elementor-element-populated\">\n\t\t\t\t\t\t<div class=\"elementor-element elementor-element-b7f3f62 elementor-widget elementor-widget-heading\" data-id=\"b7f3f62\" data-element_type=\"widget\" data-e-type=\"widget\" data-widget_type=\"heading.default\">\n\t\t\t\t<div class=\"elementor-widget-container\">\n\t\t\t\t\t<h4 class=\"elementor-heading-title elementor-size-default\">Tel\u00e9fono<\/h4>\t\t\t\t<\/div>\n\t\t\t\t<\/div>\n\t\t\t\t<div class=\"elementor-element elementor-element-ba7d372 elementor-widget elementor-widget-text-editor\" data-id=\"ba7d372\" data-element_type=\"widget\" data-e-type=\"widget\" data-widget_type=\"text-editor.default\">\n\t\t\t\t<div class=\"elementor-widget-container\">\n\t\t\t\t\t\t\t\t\t<a href=\"tel:+34948307277\">948 30 72 77<\/a>\t\t\t\t\t\t\t\t<\/div>\n\t\t\t\t<\/div>\n\t\t\t\t\t<\/div>\n\t\t<\/div>\n\t\t\t\t<div class=\"elementor-column elementor-col-25 elementor-top-column elementor-element elementor-element-ced7d5c\" data-id=\"ced7d5c\" data-element_type=\"column\" data-e-type=\"column\">\n\t\t\t<div class=\"elementor-widget-wrap elementor-element-populated\">\n\t\t\t\t\t\t<div class=\"elementor-element elementor-element-ef38f8c elementor-widget elementor-widget-heading\" data-id=\"ef38f8c\" data-element_type=\"widget\" data-e-type=\"widget\" data-widget_type=\"heading.default\">\n\t\t\t\t<div class=\"elementor-widget-container\">\n\t\t\t\t\t<h4 class=\"elementor-heading-title elementor-size-default\">Email<\/h4>\t\t\t\t<\/div>\n\t\t\t\t<\/div>\n\t\t\t\t<div class=\"elementor-element elementor-element-3cba83e elementor-widget elementor-widget-text-editor\" data-id=\"3cba83e\" data-element_type=\"widget\" data-e-type=\"widget\" data-widget_type=\"text-editor.default\">\n\t\t\t\t<div class=\"elementor-widget-container\">\n\t\t\t\t\t\t\t\t\t<a href=\"mailto:info@postresultzama.com\">info@postresultzama.com<\/a>\t\t\t\t\t\t\t\t<\/div>\n\t\t\t\t<\/div>\n\t\t\t\t\t<\/div>\n\t\t<\/div>\n\t\t\t\t<div class=\"elementor-column elementor-col-25 elementor-top-column elementor-element elementor-element-0787f02\" data-id=\"0787f02\" data-element_type=\"column\" data-e-type=\"column\">\n\t\t\t<div class=\"elementor-widget-wrap elementor-element-populated\">\n\t\t\t\t\t\t<div class=\"elementor-element elementor-element-80efa25 elementor-widget elementor-widget-heading\" data-id=\"80efa25\" data-element_type=\"widget\" data-e-type=\"widget\" data-widget_type=\"heading.default\">\n\t\t\t\t<div class=\"elementor-widget-container\">\n\t\t\t\t\t<h4 class=\"elementor-heading-title elementor-size-default\">Horario<\/h4>\t\t\t\t<\/div>\n\t\t\t\t<\/div>\n\t\t\t\t<div class=\"elementor-element elementor-element-29cd5b3 elementor-widget elementor-widget-text-editor\" data-id=\"29cd5b3\" data-element_type=\"widget\" data-e-type=\"widget\" data-widget_type=\"text-editor.default\">\n\t\t\t\t<div class=\"elementor-widget-container\">\n\t\t\t\t\t\t\t\t\t<p>L-V<br \/><span style=\"letter-spacing: 0.2px;\">9:00-14:30<br \/><\/span><span style=\"letter-spacing: 0.2px;\">16:30-19:00<\/span><\/p>\t\t\t\t\t\t\t\t<\/div>\n\t\t\t\t<\/div>\n\t\t\t\t\t<\/div>\n\t\t<\/div>\n\t\t\t\t<div class=\"elementor-column elementor-col-25 elementor-top-column elementor-element elementor-element-8436929\" data-id=\"8436929\" data-element_type=\"column\" data-e-type=\"column\">\n\t\t\t<div class=\"elementor-widget-wrap elementor-element-populated\">\n\t\t\t\t\t\t<div class=\"elementor-element elementor-element-600f42c elementor-widget elementor-widget-heading\" data-id=\"600f42c\" data-element_type=\"widget\" data-e-type=\"widget\" data-widget_type=\"heading.default\">\n\t\t\t\t<div class=\"elementor-widget-container\">\n\t\t\t\t\t<h4 class=\"elementor-heading-title elementor-size-default\">Direcci\u00f3n<\/h4>\t\t\t\t<\/div>\n\t\t\t\t<\/div>\n\t\t\t\t<div class=\"elementor-element elementor-element-7d1563e elementor-widget elementor-widget-text-editor\" data-id=\"7d1563e\" data-element_type=\"widget\" data-e-type=\"widget\" data-widget_type=\"text-editor.default\">\n\t\t\t\t<div class=\"elementor-widget-container\">\n\t\t\t\t\t\t\t\t\t<a href=\"https:\/\/goo.gl\/maps\/tHJmnBs85e7dKL5w6\">N-121-A, km 25, 31798 Lantz, Navarra.<\/a>\t\t\t\t\t\t\t\t<\/div>\n\t\t\t\t<\/div>\n\t\t\t\t\t<\/div>\n\t\t<\/div>\n\t\t\t\t\t<\/div>\n\t\t<\/section>\n\t\t\t\t<section class=\"elementor-section elementor-top-section elementor-element elementor-element-6ce1a9eb elementor-section-boxed elementor-section-height-default elementor-section-height-default\" data-id=\"6ce1a9eb\" data-element_type=\"section\" data-e-type=\"section\">\n\t\t\t\t\t\t<div class=\"elementor-container elementor-column-gap-default\">\n\t\t\t\t\t<div class=\"elementor-column elementor-col-50 elementor-top-column elementor-element elementor-element-5bc4c83\" data-id=\"5bc4c83\" data-element_type=\"column\" data-e-type=\"column\">\n\t\t\t<div class=\"elementor-widget-wrap elementor-element-populated\">\n\t\t\t\t\t\t<div class=\"elementor-element elementor-element-6cfc5ce elementor-widget elementor-widget-heading\" data-id=\"6cfc5ce\" data-element_type=\"widget\" data-e-type=\"widget\" data-widget_type=\"heading.default\">\n\t\t\t\t<div class=\"elementor-widget-container\">\n\t\t\t\t\t<h4 class=\"elementor-heading-title elementor-size-default\">Puedes contactar con nosotros escribi\u00e9ndonos directamente a info@postresultzama.com <br>o bien usando este formulario.<\/h4>\t\t\t\t<\/div>\n\t\t\t\t<\/div>\n\t\t\t\t<div class=\"elementor-element elementor-element-6baffb9 elementor-button-align-start elementor-mobile-button-align-stretch elementor-widget elementor-widget-form\" data-id=\"6baffb9\" data-element_type=\"widget\" data-e-type=\"widget\" data-settings=\"{&quot;button_width_mobile&quot;:&quot;100&quot;,&quot;step_next_label&quot;:&quot;Next&quot;,&quot;step_previous_label&quot;:&quot;Previous&quot;,&quot;step_type&quot;:&quot;number_text&quot;,&quot;step_icon_shape&quot;:&quot;circle&quot;}\" data-widget_type=\"form.default\">\n\t\t\t\t<div class=\"elementor-widget-container\">\n\t\t\t\t\t\t\t<form class=\"elementor-form\" method=\"post\" name=\"New Form\" aria-label=\"New Form\">\n\t\t\t<input type=\"hidden\" name=\"post_id\" value=\"3785\"\/>\n\t\t\t<input type=\"hidden\" name=\"form_id\" value=\"6baffb9\"\/>\n\t\t\t<input type=\"hidden\" name=\"referer_title\" value=\"Contacto - Postres Ultzama\" \/>\n\n\t\t\t\t\t\t\t<input type=\"hidden\" name=\"queried_id\" value=\"3785\"\/>\n\t\t\t\n\t\t\t<div class=\"elementor-form-fields-wrapper elementor-labels-\">\n\t\t\t\t\t\t\t\t<div class=\"elementor-field-type-text elementor-field-group elementor-column elementor-field-group-email elementor-col-50 elementor-field-required\">\n\t\t\t\t\t\t\t\t\t\t\t\t\t<input size=\"1\" type=\"text\" name=\"form_fields[email]\" id=\"form-field-email\" class=\"elementor-field elementor-size-sm  elementor-field-textual\" placeholder=\"Nombre\" required=\"required\">\n\t\t\t\t\t\t\t\t\t\t\t<\/div>\n\t\t\t\t\t\t\t\t<div class=\"elementor-field-type-tel elementor-field-group elementor-column elementor-field-group-field_6f7b0a2 elementor-col-50 elementor-field-required\">\n\t\t\t\t\t\t\t<input size=\"1\" type=\"tel\" name=\"form_fields[field_6f7b0a2]\" id=\"form-field-field_6f7b0a2\" class=\"elementor-field elementor-size-sm  elementor-field-textual\" placeholder=\"Tel\u00e9fono\" required=\"required\" pattern=\"[0-9()#&amp;+*-=.]+\" title=\"Only numbers and phone characters (#, -, *, etc) are accepted.\">\n\n\t\t\t\t\t\t<\/div>\n\t\t\t\t\t\t\t\t<div class=\"elementor-field-type-email elementor-field-group elementor-column elementor-field-group-field_ded525d elementor-col-100 elementor-field-required\">\n\t\t\t\t\t\t\t\t\t\t\t\t\t<input size=\"1\" type=\"email\" name=\"form_fields[field_ded525d]\" id=\"form-field-field_ded525d\" class=\"elementor-field elementor-size-sm  elementor-field-textual\" placeholder=\"Email\" required=\"required\">\n\t\t\t\t\t\t\t\t\t\t\t<\/div>\n\t\t\t\t\t\t\t\t<div class=\"elementor-field-type-textarea elementor-field-group elementor-column elementor-field-group-field_e389c4e elementor-col-100 elementor-field-required\">\n\t\t\t\t\t<textarea class=\"elementor-field-textual elementor-field  elementor-size-sm\" name=\"form_fields[field_e389c4e]\" id=\"form-field-field_e389c4e\" rows=\"5\" placeholder=\"Mensaje\" required=\"required\"><\/textarea>\t\t\t\t<\/div>\n\t\t\t\t\t\t\t\t<div class=\"elementor-field-type-acceptance elementor-field-group elementor-column elementor-field-group-field_6de09a8 elementor-col-100 elementor-field-required\">\n\t\t\t\t\t\t\t<div class=\"elementor-field-subgroup\">\n\t\t\t<span class=\"elementor-field-option\">\n\t\t\t\t<input type=\"checkbox\" name=\"form_fields[field_6de09a8]\" id=\"form-field-field_6de09a8\" class=\"elementor-field elementor-size-sm  elementor-acceptance-field\" required=\"required\">\n\t\t\t\t<label for=\"form-field-field_6de09a8\">He le\u00eddo y acepto <a href=\"\/proteccion-de-datos\/\">la pol\u00edtica de protecci\u00f3n de datos<\/a>\n<\/label>\t\t\t<\/span>\n\t\t<\/div>\n\t\t\t\t\t\t<\/div>\n\t\t\t\t\t\t\t\t<div class=\"elementor-field-type-html elementor-field-group elementor-column elementor-field-group-field_b06699d elementor-col-100\">\n\t\t\t\t\t<div class=\"tableRgpd\">\n<div class=\"headTable\">Informaci\u00f3n B\u00e1sica sobre Protecci\u00f3n de Datos<\/div>\n<div class=\"rowT\">\n<div class=\"leftH\">Responsable:<\/div>\n<div class=\"rightT\"><span>SAT ULTZAMAKOAK.<a href=\"https:\/\/postresultzama.com\/proteccion-de-datos\/\" target=\"_blank\">+info<\/a><\/span><\/div><\/div>\n<div class=\"rowT\">\n<div class=\"leftH\">Finalidad:<\/div>\n<div class=\"rightT\"><span>Responder a tu solicitud de informaci\u00f3n. <a href=\"https:\/\/postresultzama.com\/proteccion-de-datos\/\" target=\"_blank\">+info<\/a><\/span><\/div><\/div>\n<div class=\"rowT\">\n<div class=\"leftH\">Derechos:<\/div>\n<div class=\"rightT\"><span>Tienes derecho a acceder, rectificar y suprimir los datos, as\u00ed como otros derechos, como se explica en la informaci\u00f3n adicional. <a href=\"https:\/\/postresultzama.com\/proteccion-de-datos\/\" target=\"_blank\">+info<\/a><\/span><\/div><\/div>\n<div class=\"rowT\">\n<div class=\"leftH\">Informaci\u00f3n adicional:<\/div>\n<div class=\"rightT\"><span>Puedes consultar la informaci\u00f3n adicional y detallada sobre Protecci\u00f3n de Datos. <a href=\"https:\/\/postresultzama.com\/proteccion-de-datos\/\" target=\"_blank\">+info<\/a><\/span><\/div><\/div>\n<\/div>\t\t\t\t<\/div>\n\t\t\t\t\t\t\t\t<div class=\"elementor-field-type-recaptcha_v3 elementor-field-group elementor-column elementor-field-group-field_16c5431 elementor-col-100 recaptcha_v3-bottomleft\">\n\t\t\t\t\t<div class=\"elementor-field\" id=\"form-field-field_16c5431\"><div class=\"elementor-g-recaptcha\" data-sitekey=\"6Ldt2QwrAAAAALoWP18rTDr_YKgTFBw40RlKOaya\" data-type=\"v3\" data-action=\"Form\" data-badge=\"bottomleft\" data-size=\"invisible\"><\/div><\/div>\t\t\t\t<\/div>\n\t\t\t\t\t\t\t\t<div class=\"elementor-field-group elementor-column elementor-field-type-submit elementor-col-100 e-form__buttons elementor-sm-100\">\n\t\t\t\t\t<button class=\"elementor-button elementor-size-sm\" type=\"submit\">\n\t\t\t\t\t\t<span class=\"elementor-button-content-wrapper\">\n\t\t\t\t\t\t\t\t\t\t\t\t\t\t\t\t\t\t\t\t\t\t<span class=\"elementor-button-text\">Enviar<\/span>\n\t\t\t\t\t\t\t\t\t\t\t\t\t<\/span>\n\t\t\t\t\t<\/button>\n\t\t\t\t<\/div>\n\t\t\t<\/div>\n\t\t<\/form>\n\t\t\t\t\t\t<\/div>\n\t\t\t\t<\/div>\n\t\t\t\t\t<\/div>\n\t\t<\/div>\n\t\t\t\t<div class=\"elementor-column elementor-col-50 elementor-top-column elementor-element elementor-element-36e640fb\" data-id=\"36e640fb\" data-element_type=\"column\" data-e-type=\"column\">\n\t\t\t<div class=\"elementor-widget-wrap elementor-element-populated\">\n\t\t\t\t\t\t<div class=\"elementor-element elementor-element-617ab961 elementor-widget elementor-widget-google_maps\" data-id=\"617ab961\" data-element_type=\"widget\" data-e-type=\"widget\" data-widget_type=\"google_maps.default\">\n\t\t\t\t<div class=\"elementor-widget-container\">\n\t\t\t\t\t\t\t<div class=\"elementor-custom-embed\">\n\t\t\t<iframe loading=\"lazy\"\n\t\t\t\t\tsrc=\"https:\/\/maps.google.com\/maps?q=N-121-A%2C%20km%2025%2C%2031798%20Lantz%2C%20Navarra&#038;t=m&#038;z=10&#038;output=embed&#038;iwloc=near\"\n\t\t\t\t\ttitle=\"N-121-A, km 25, 31798 Lantz, Navarra\"\n\t\t\t\t\taria-label=\"N-121-A, km 25, 31798 Lantz, Navarra\"\n\t\t\t><\/iframe>\n\t\t<\/div>\n\t\t\t\t\t\t<\/div>\n\t\t\t\t<\/div>\n\t\t\t\t\t<\/div>\n\t\t<\/div>\n\t\t\t\t\t<\/div>\n\t\t<\/section>\n\t\t\t\t<\/div>\n\t\t","protected":false},"excerpt":{"rendered":"<p>Contacto Tel\u00e9fono 948 30 72 77 Email info@postresultzama.com Horario L-V9:00-14:3016:30-19:00 Direcci\u00f3n N-121-A, km 25, 31798 Lantz, Navarra. Puedes contactar con nosotros escribi\u00e9ndonos directamente a info@postresultzama.com o bien usando este formulario.<\/p>","protected":false},"author":1,"featured_media":0,"parent":0,"menu_order":0,"comment_status":"closed","ping_status":"closed","template":"elementor_header_footer","meta":{"footnotes":""},"class_list":["post-3785","page","type-page","status-publish","hentry"],"yoast_head":"<!-- This site is optimized with the Yoast SEO plugin v27.2 - https:\/\/yoast.com\/product\/yoast-seo-wordpress\/ -->\n<title>Contacto - Postres Ultzama<\/title>\n<meta name=\"robots\" content=\"index, follow, max-snippet:-1, max-image-preview:large, max-video-preview:-1\" \/>\n<link rel=\"canonical\" href=\"https:\/\/www.postresultzama.com\/eu\/contacto\/\" \/>\n<meta property=\"og:locale\" content=\"en_US\" \/>\n<meta property=\"og:type\" content=\"article\" \/>\n<meta property=\"og:title\" content=\"Contacto - Postres Ultzama\" \/>\n<meta property=\"og:description\" content=\"Contacto Tel\u00e9fono 948 30 72 77 Email info@postresultzama.com Horario L-V9:00-14:3016:30-19:00 Direcci\u00f3n N-121-A, km 25, 31798 Lantz, Navarra. Puedes contactar con nosotros escribi\u00e9ndonos directamente a info@postresultzama.com o bien usando este formulario.\" \/>\n<meta property=\"og:url\" content=\"https:\/\/www.postresultzama.com\/eu\/contacto\/\" \/>\n<meta property=\"og:site_name\" content=\"Postres Ultzama\" \/>\n<meta property=\"article:modified_time\" content=\"2024-10-25T07:46:35+00:00\" \/>\n<meta name=\"twitter:card\" content=\"summary_large_image\" \/>\n<meta name=\"twitter:label1\" content=\"Est. reading time\" \/>\n\t<meta name=\"twitter:data1\" content=\"1 minutua\" \/>\n<script type=\"application\/ld+json\" class=\"yoast-schema-graph\">{\"@context\":\"https:\/\/schema.org\",\"@graph\":[{\"@type\":\"WebPage\",\"@id\":\"https:\/\/www.postresultzama.com\/contacto\/\",\"url\":\"https:\/\/www.postresultzama.com\/contacto\/\",\"name\":\"Contacto - Postres Ultzama\",\"isPartOf\":{\"@id\":\"https:\/\/www.postresultzama.com\/#website\"},\"datePublished\":\"2021-02-12T13:02:06+00:00\",\"dateModified\":\"2024-10-25T07:46:35+00:00\",\"breadcrumb\":{\"@id\":\"https:\/\/www.postresultzama.com\/contacto\/#breadcrumb\"},\"inLanguage\":\"eu\",\"potentialAction\":[{\"@type\":\"ReadAction\",\"target\":[\"https:\/\/www.postresultzama.com\/contacto\/\"]}]},{\"@type\":\"BreadcrumbList\",\"@id\":\"https:\/\/www.postresultzama.com\/contacto\/#breadcrumb\",\"itemListElement\":[{\"@type\":\"ListItem\",\"position\":1,\"name\":\"Portada\",\"item\":\"https:\/\/www.postresultzama.com\/\"},{\"@type\":\"ListItem\",\"position\":2,\"name\":\"Contacto\"}]},{\"@type\":\"WebSite\",\"@id\":\"https:\/\/www.postresultzama.com\/#website\",\"url\":\"https:\/\/www.postresultzama.com\/\",\"name\":\"Postres Ultzama\",\"description\":\"Productos artesanos y naturales con leche de oveja: leche, cuajada, yogures, helados de Postres Ultzama. Productos l\u00e1cteos de m\u00e1xima calidad.\",\"publisher\":{\"@id\":\"https:\/\/www.postresultzama.com\/#organization\"},\"potentialAction\":[{\"@type\":\"SearchAction\",\"target\":{\"@type\":\"EntryPoint\",\"urlTemplate\":\"https:\/\/www.postresultzama.com\/?s={search_term_string}\"},\"query-input\":{\"@type\":\"PropertyValueSpecification\",\"valueRequired\":true,\"valueName\":\"search_term_string\"}}],\"inLanguage\":\"eu\"},{\"@type\":\"Organization\",\"@id\":\"https:\/\/www.postresultzama.com\/#organization\",\"name\":\"Postres Ultzama\",\"url\":\"https:\/\/www.postresultzama.com\/\",\"logo\":{\"@type\":\"ImageObject\",\"inLanguage\":\"eu\",\"@id\":\"https:\/\/www.postresultzama.com\/#\/schema\/logo\/image\/\",\"url\":\"https:\/\/www.postresultzama.com\/wp-content\/uploads\/2023\/04\/postres-ultzama-logo.png\",\"contentUrl\":\"https:\/\/www.postresultzama.com\/wp-content\/uploads\/2023\/04\/postres-ultzama-logo.png\",\"width\":341,\"height\":288,\"caption\":\"Postres Ultzama\"},\"image\":{\"@id\":\"https:\/\/www.postresultzama.com\/#\/schema\/logo\/image\/\"}}]}<\/script>\n<!-- \/ Yoast SEO plugin. -->","yoast_head_json":{"title":"Contacto - Postres Ultzama","robots":{"index":"index","follow":"follow","max-snippet":"max-snippet:-1","max-image-preview":"max-image-preview:large","max-video-preview":"max-video-preview:-1"},"canonical":"https:\/\/www.postresultzama.com\/eu\/contacto\/","og_locale":"en_US","og_type":"article","og_title":"Contacto - Postres Ultzama","og_description":"Contacto Tel\u00e9fono 948 30 72 77 Email info@postresultzama.com Horario L-V9:00-14:3016:30-19:00 Direcci\u00f3n N-121-A, km 25, 31798 Lantz, Navarra. Puedes contactar con nosotros escribi\u00e9ndonos directamente a info@postresultzama.com o bien usando este formulario.","og_url":"https:\/\/www.postresultzama.com\/eu\/contacto\/","og_site_name":"Postres Ultzama","article_modified_time":"2024-10-25T07:46:35+00:00","twitter_card":"summary_large_image","twitter_misc":{"Est. reading time":"1 minutua"},"schema":{"@context":"https:\/\/schema.org","@graph":[{"@type":"WebPage","@id":"https:\/\/www.postresultzama.com\/contacto\/","url":"https:\/\/www.postresultzama.com\/contacto\/","name":"Contacto - Postres Ultzama","isPartOf":{"@id":"https:\/\/www.postresultzama.com\/#website"},"datePublished":"2021-02-12T13:02:06+00:00","dateModified":"2024-10-25T07:46:35+00:00","breadcrumb":{"@id":"https:\/\/www.postresultzama.com\/contacto\/#breadcrumb"},"inLanguage":"eu","potentialAction":[{"@type":"ReadAction","target":["https:\/\/www.postresultzama.com\/contacto\/"]}]},{"@type":"BreadcrumbList","@id":"https:\/\/www.postresultzama.com\/contacto\/#breadcrumb","itemListElement":[{"@type":"ListItem","position":1,"name":"Portada","item":"https:\/\/www.postresultzama.com\/"},{"@type":"ListItem","position":2,"name":"Contacto"}]},{"@type":"WebSite","@id":"https:\/\/www.postresultzama.com\/#website","url":"https:\/\/www.postresultzama.com\/","name":"Postres Ultzama","description":"Productos artesanos y naturales con leche de oveja: leche, cuajada, yogures, helados de Postres Ultzama. Productos l\u00e1cteos de m\u00e1xima calidad.","publisher":{"@id":"https:\/\/www.postresultzama.com\/#organization"},"potentialAction":[{"@type":"SearchAction","target":{"@type":"EntryPoint","urlTemplate":"https:\/\/www.postresultzama.com\/?s={search_term_string}"},"query-input":{"@type":"PropertyValueSpecification","valueRequired":true,"valueName":"search_term_string"}}],"inLanguage":"eu"},{"@type":"Organization","@id":"https:\/\/www.postresultzama.com\/#organization","name":"Postres Ultzama","url":"https:\/\/www.postresultzama.com\/","logo":{"@type":"ImageObject","inLanguage":"eu","@id":"https:\/\/www.postresultzama.com\/#\/schema\/logo\/image\/","url":"https:\/\/www.postresultzama.com\/wp-content\/uploads\/2023\/04\/postres-ultzama-logo.png","contentUrl":"https:\/\/www.postresultzama.com\/wp-content\/uploads\/2023\/04\/postres-ultzama-logo.png","width":341,"height":288,"caption":"Postres Ultzama"},"image":{"@id":"https:\/\/www.postresultzama.com\/#\/schema\/logo\/image\/"}}]}},"_links":{"self":[{"href":"https:\/\/www.postresultzama.com\/eu\/wp-json\/wp\/v2\/pages\/3785","targetHints":{"allow":["GET"]}}],"collection":[{"href":"https:\/\/www.postresultzama.com\/eu\/wp-json\/wp\/v2\/pages"}],"about":[{"href":"https:\/\/www.postresultzama.com\/eu\/wp-json\/wp\/v2\/types\/page"}],"author":[{"embeddable":true,"href":"https:\/\/www.postresultzama.com\/eu\/wp-json\/wp\/v2\/users\/1"}],"replies":[{"embeddable":true,"href":"https:\/\/www.postresultzama.com\/eu\/wp-json\/wp\/v2\/comments?post=3785"}],"version-history":[{"count":33,"href":"https:\/\/www.postresultzama.com\/eu\/wp-json\/wp\/v2\/pages\/3785\/revisions"}],"predecessor-version":[{"id":5923,"href":"https:\/\/www.postresultzama.com\/eu\/wp-json\/wp\/v2\/pages\/3785\/revisions\/5923"}],"wp:attachment":[{"href":"https:\/\/www.postresultzama.com\/eu\/wp-json\/wp\/v2\/media?parent=3785"}],"curies":[{"name":"wp","href":"https:\/\/api.w.org\/{rel}","templated":true}]}}