{"id":3705,"date":"2021-03-11T15:23:50","date_gmt":"2021-03-11T14:23:50","guid":{"rendered":"https:\/\/postresultzama.com\/?post_type=product&#038;p=3705"},"modified":"2026-01-28T11:52:22","modified_gmt":"2026-01-28T10:52:22","slug":"leche-de-oveja-kizkilurrin","status":"publish","type":"product","link":"https:\/\/www.postresultzama.com\/eu\/tienda\/leche\/leche-de-oveja-kizkilurrin\/","title":{"rendered":"Ardi-esne kizkilurrin zaporearekin (1l)"},"content":{"rendered":"<p><strong>Deskripzioa:<\/strong> Ardi-esne pasteurizatua eta homogeneizatua gaztanbera egiteko erre zapore tradizonalarekin \u2013kizkilurrin-.<\/p>\n<p class=\"translation-block\"><strong>Pisua:<\/strong> Litro 1<\/p>\n<p class=\"translation-block\"><strong>Osagaiak: <\/strong><strong>Ardi<\/strong> esne pasteurizatua eta homogeneizatua.<\/p>\n<p><strong>Kontserbazioa:<\/strong> Hotzean kontserbatu. T\u00aa=1-8\u00baC Behin irekiz gero, 1-2 egunetan kontsumitu.<\/p>","protected":false},"excerpt":{"rendered":"<p>Harri errearen zaporea. Gure ardien esne pasteurizatua eta homogeneizatua \u201ckizkilurrin\u201d edo \u201cerre\u201d zapore arin batekin. \u201cKizkilurrin\u201d zapore tradizionala ematen diogu inolako gehigarririk gabe, etxean lana kentzeko eta gaztanbera tradizionala jan ahal izateko aintzinako erara baina errazago eta azkarrago.<\/p>\n<div class=\"envioFrio\">Enviamos todos nuestros productos en fr\u00edo para garantizar su perfecta conservaci\u00f3n.<\/div>","protected":false},"featured_media":4200,"template":"","meta":[],"product_brand":[],"product_cat":[65],"product_tag":[],"class_list":{"0":"post-3705","1":"product","2":"type-product","3":"status-publish","4":"has-post-thumbnail","6":"product_cat-leche","8":"first","9":"instock","10":"taxable","11":"shipping-taxable","12":"purchasable","13":"product-type-simple"},"yoast_head":"<!-- This site is optimized with the Yoast SEO plugin v27.2 - https:\/\/yoast.com\/product\/yoast-seo-wordpress\/ -->\n<title>Leche de oveja al kizkilurrin (1l) - Postres Ultzama<\/title>\n<meta name=\"robots\" content=\"index, follow, max-snippet:-1, max-image-preview:large, max-video-preview:-1\" \/>\n<link rel=\"canonical\" href=\"https:\/\/www.postresultzama.com\/eu\/tienda\/leche\/leche-de-oveja-kizkilurrin\/\" \/>\n<meta property=\"og:locale\" content=\"en_US\" \/>\n<meta property=\"og:type\" content=\"article\" \/>\n<meta property=\"og:title\" content=\"Leche de oveja al kizkilurrin (1l) - Postres Ultzama\" \/>\n<meta property=\"og:description\" content=\"Leche pasteurizada y homogeneizada de nuestras propias ovejas con un ligero toque a \u201ckizkilurrin\u201d o sabor a \u201cquemado\u201d. Le damos el tradicional sabor a \u201ckizkilurrin\u201d sin ning\u00fan tipo de aditivos para evitarte trabajo en casa y poder comer la cuajada tradicional al estilo de antes pero m\u00e1s f\u00e1cil y r\u00e1pido. Enviamos todos nuestros productos en fr\u00edo para garantizar su perfecta conservaci\u00f3n.\" \/>\n<meta property=\"og:url\" content=\"https:\/\/www.postresultzama.com\/eu\/tienda\/leche\/leche-de-oveja-kizkilurrin\/\" \/>\n<meta property=\"og:site_name\" content=\"Postres Ultzama\" \/>\n<meta property=\"article:modified_time\" content=\"2026-01-28T10:52:22+00:00\" \/>\n<meta property=\"og:image\" content=\"https:\/\/www.postresultzama.com\/wp-content\/uploads\/2021\/03\/Leche-Kizkilurrin-PU-scaled.jpg\" \/>\n\t<meta property=\"og:image:width\" content=\"2560\" \/>\n\t<meta property=\"og:image:height\" content=\"2560\" \/>\n\t<meta property=\"og:image:type\" content=\"image\/jpeg\" \/>\n<meta name=\"twitter:card\" content=\"summary_large_image\" \/>\n<meta name=\"twitter:label1\" content=\"Est. reading time\" \/>\n\t<meta name=\"twitter:data1\" content=\"1 minutua\" \/>\n<script type=\"application\/ld+json\" class=\"yoast-schema-graph\">{\"@context\":\"https:\/\/schema.org\",\"@graph\":[{\"@type\":\"WebPage\",\"@id\":\"https:\/\/www.postresultzama.com\/tienda\/leche\/leche-de-oveja-kizkilurrin\/\",\"url\":\"https:\/\/www.postresultzama.com\/tienda\/leche\/leche-de-oveja-kizkilurrin\/\",\"name\":\"Leche de oveja al kizkilurrin (1l) - Postres Ultzama\",\"isPartOf\":{\"@id\":\"https:\/\/www.postresultzama.com\/#website\"},\"primaryImageOfPage\":{\"@id\":\"https:\/\/www.postresultzama.com\/tienda\/leche\/leche-de-oveja-kizkilurrin\/#primaryimage\"},\"image\":{\"@id\":\"https:\/\/www.postresultzama.com\/tienda\/leche\/leche-de-oveja-kizkilurrin\/#primaryimage\"},\"thumbnailUrl\":\"https:\/\/www.postresultzama.com\/wp-content\/uploads\/2021\/03\/Leche-Kizkilurrin-PU-scaled.jpg\",\"datePublished\":\"2021-03-11T14:23:50+00:00\",\"dateModified\":\"2026-01-28T10:52:22+00:00\",\"breadcrumb\":{\"@id\":\"https:\/\/www.postresultzama.com\/tienda\/leche\/leche-de-oveja-kizkilurrin\/#breadcrumb\"},\"inLanguage\":\"eu\",\"potentialAction\":[{\"@type\":\"ReadAction\",\"target\":[\"https:\/\/www.postresultzama.com\/tienda\/leche\/leche-de-oveja-kizkilurrin\/\"]}]},{\"@type\":\"ImageObject\",\"inLanguage\":\"eu\",\"@id\":\"https:\/\/www.postresultzama.com\/tienda\/leche\/leche-de-oveja-kizkilurrin\/#primaryimage\",\"url\":\"https:\/\/www.postresultzama.com\/wp-content\/uploads\/2021\/03\/Leche-Kizkilurrin-PU-scaled.jpg\",\"contentUrl\":\"https:\/\/www.postresultzama.com\/wp-content\/uploads\/2021\/03\/Leche-Kizkilurrin-PU-scaled.jpg\",\"width\":2560,\"height\":2560},{\"@type\":\"BreadcrumbList\",\"@id\":\"https:\/\/www.postresultzama.com\/tienda\/leche\/leche-de-oveja-kizkilurrin\/#breadcrumb\",\"itemListElement\":[{\"@type\":\"ListItem\",\"position\":1,\"name\":\"Portada\",\"item\":\"https:\/\/www.postresultzama.com\/\"},{\"@type\":\"ListItem\",\"position\":2,\"name\":\"Tienda\",\"item\":\"https:\/\/www.postresultzama.com\/tienda\/\"},{\"@type\":\"ListItem\",\"position\":3,\"name\":\"Leche de oveja al kizkilurrin (1l)\"}]},{\"@type\":\"WebSite\",\"@id\":\"https:\/\/www.postresultzama.com\/#website\",\"url\":\"https:\/\/www.postresultzama.com\/\",\"name\":\"Postres Ultzama\",\"description\":\"Productos artesanos y naturales con leche de oveja: leche, cuajada, yogures, helados de Postres Ultzama. Productos l\u00e1cteos de m\u00e1xima calidad.\",\"publisher\":{\"@id\":\"https:\/\/www.postresultzama.com\/#organization\"},\"potentialAction\":[{\"@type\":\"SearchAction\",\"target\":{\"@type\":\"EntryPoint\",\"urlTemplate\":\"https:\/\/www.postresultzama.com\/?s={search_term_string}\"},\"query-input\":{\"@type\":\"PropertyValueSpecification\",\"valueRequired\":true,\"valueName\":\"search_term_string\"}}],\"inLanguage\":\"eu\"},{\"@type\":\"Organization\",\"@id\":\"https:\/\/www.postresultzama.com\/#organization\",\"name\":\"Postres Ultzama\",\"url\":\"https:\/\/www.postresultzama.com\/\",\"logo\":{\"@type\":\"ImageObject\",\"inLanguage\":\"eu\",\"@id\":\"https:\/\/www.postresultzama.com\/#\/schema\/logo\/image\/\",\"url\":\"https:\/\/www.postresultzama.com\/wp-content\/uploads\/2023\/04\/postres-ultzama-logo.png\",\"contentUrl\":\"https:\/\/www.postresultzama.com\/wp-content\/uploads\/2023\/04\/postres-ultzama-logo.png\",\"width\":341,\"height\":288,\"caption\":\"Postres Ultzama\"},\"image\":{\"@id\":\"https:\/\/www.postresultzama.com\/#\/schema\/logo\/image\/\"}}]}<\/script>\n<!-- \/ Yoast SEO plugin. -->","yoast_head_json":{"title":"Leche de oveja al kizkilurrin (1l) - Postres Ultzama","robots":{"index":"index","follow":"follow","max-snippet":"max-snippet:-1","max-image-preview":"max-image-preview:large","max-video-preview":"max-video-preview:-1"},"canonical":"https:\/\/www.postresultzama.com\/eu\/tienda\/leche\/leche-de-oveja-kizkilurrin\/","og_locale":"en_US","og_type":"article","og_title":"Leche de oveja al kizkilurrin (1l) - Postres Ultzama","og_description":"Leche pasteurizada y homogeneizada de nuestras propias ovejas con un ligero toque a \u201ckizkilurrin\u201d o sabor a \u201cquemado\u201d. Le damos el tradicional sabor a \u201ckizkilurrin\u201d sin ning\u00fan tipo de aditivos para evitarte trabajo en casa y poder comer la cuajada tradicional al estilo de antes pero m\u00e1s f\u00e1cil y r\u00e1pido. Enviamos todos nuestros productos en fr\u00edo para garantizar su perfecta conservaci\u00f3n.","og_url":"https:\/\/www.postresultzama.com\/eu\/tienda\/leche\/leche-de-oveja-kizkilurrin\/","og_site_name":"Postres Ultzama","article_modified_time":"2026-01-28T10:52:22+00:00","og_image":[{"width":2560,"height":2560,"url":"https:\/\/www.postresultzama.com\/wp-content\/uploads\/2021\/03\/Leche-Kizkilurrin-PU-scaled.jpg","type":"image\/jpeg"}],"twitter_card":"summary_large_image","twitter_misc":{"Est. reading time":"1 minutua"},"schema":{"@context":"https:\/\/schema.org","@graph":[{"@type":"WebPage","@id":"https:\/\/www.postresultzama.com\/tienda\/leche\/leche-de-oveja-kizkilurrin\/","url":"https:\/\/www.postresultzama.com\/tienda\/leche\/leche-de-oveja-kizkilurrin\/","name":"Leche de oveja al kizkilurrin (1l) - Postres Ultzama","isPartOf":{"@id":"https:\/\/www.postresultzama.com\/#website"},"primaryImageOfPage":{"@id":"https:\/\/www.postresultzama.com\/tienda\/leche\/leche-de-oveja-kizkilurrin\/#primaryimage"},"image":{"@id":"https:\/\/www.postresultzama.com\/tienda\/leche\/leche-de-oveja-kizkilurrin\/#primaryimage"},"thumbnailUrl":"https:\/\/www.postresultzama.com\/wp-content\/uploads\/2021\/03\/Leche-Kizkilurrin-PU-scaled.jpg","datePublished":"2021-03-11T14:23:50+00:00","dateModified":"2026-01-28T10:52:22+00:00","breadcrumb":{"@id":"https:\/\/www.postresultzama.com\/tienda\/leche\/leche-de-oveja-kizkilurrin\/#breadcrumb"},"inLanguage":"eu","potentialAction":[{"@type":"ReadAction","target":["https:\/\/www.postresultzama.com\/tienda\/leche\/leche-de-oveja-kizkilurrin\/"]}]},{"@type":"ImageObject","inLanguage":"eu","@id":"https:\/\/www.postresultzama.com\/tienda\/leche\/leche-de-oveja-kizkilurrin\/#primaryimage","url":"https:\/\/www.postresultzama.com\/wp-content\/uploads\/2021\/03\/Leche-Kizkilurrin-PU-scaled.jpg","contentUrl":"https:\/\/www.postresultzama.com\/wp-content\/uploads\/2021\/03\/Leche-Kizkilurrin-PU-scaled.jpg","width":2560,"height":2560},{"@type":"BreadcrumbList","@id":"https:\/\/www.postresultzama.com\/tienda\/leche\/leche-de-oveja-kizkilurrin\/#breadcrumb","itemListElement":[{"@type":"ListItem","position":1,"name":"Portada","item":"https:\/\/www.postresultzama.com\/"},{"@type":"ListItem","position":2,"name":"Tienda","item":"https:\/\/www.postresultzama.com\/tienda\/"},{"@type":"ListItem","position":3,"name":"Leche de oveja al kizkilurrin (1l)"}]},{"@type":"WebSite","@id":"https:\/\/www.postresultzama.com\/#website","url":"https:\/\/www.postresultzama.com\/","name":"Postres Ultzama","description":"Productos artesanos y naturales con leche de oveja: leche, cuajada, yogures, helados de Postres Ultzama. Productos l\u00e1cteos de m\u00e1xima calidad.","publisher":{"@id":"https:\/\/www.postresultzama.com\/#organization"},"potentialAction":[{"@type":"SearchAction","target":{"@type":"EntryPoint","urlTemplate":"https:\/\/www.postresultzama.com\/?s={search_term_string}"},"query-input":{"@type":"PropertyValueSpecification","valueRequired":true,"valueName":"search_term_string"}}],"inLanguage":"eu"},{"@type":"Organization","@id":"https:\/\/www.postresultzama.com\/#organization","name":"Postres Ultzama","url":"https:\/\/www.postresultzama.com\/","logo":{"@type":"ImageObject","inLanguage":"eu","@id":"https:\/\/www.postresultzama.com\/#\/schema\/logo\/image\/","url":"https:\/\/www.postresultzama.com\/wp-content\/uploads\/2023\/04\/postres-ultzama-logo.png","contentUrl":"https:\/\/www.postresultzama.com\/wp-content\/uploads\/2023\/04\/postres-ultzama-logo.png","width":341,"height":288,"caption":"Postres Ultzama"},"image":{"@id":"https:\/\/www.postresultzama.com\/#\/schema\/logo\/image\/"}}]}},"_links":{"self":[{"href":"https:\/\/www.postresultzama.com\/eu\/wp-json\/wp\/v2\/product\/3705","targetHints":{"allow":["GET"]}}],"collection":[{"href":"https:\/\/www.postresultzama.com\/eu\/wp-json\/wp\/v2\/product"}],"about":[{"href":"https:\/\/www.postresultzama.com\/eu\/wp-json\/wp\/v2\/types\/product"}],"wp:featuredmedia":[{"embeddable":true,"href":"https:\/\/www.postresultzama.com\/eu\/wp-json\/wp\/v2\/media\/4200"}],"wp:attachment":[{"href":"https:\/\/www.postresultzama.com\/eu\/wp-json\/wp\/v2\/media?parent=3705"}],"wp:term":[{"taxonomy":"product_brand","embeddable":true,"href":"https:\/\/www.postresultzama.com\/eu\/wp-json\/wp\/v2\/product_brand?post=3705"},{"taxonomy":"product_cat","embeddable":true,"href":"https:\/\/www.postresultzama.com\/eu\/wp-json\/wp\/v2\/product_cat?post=3705"},{"taxonomy":"product_tag","embeddable":true,"href":"https:\/\/www.postresultzama.com\/eu\/wp-json\/wp\/v2\/product_tag?post=3705"}],"curies":[{"name":"wp","href":"https:\/\/api.w.org\/{rel}","templated":true}]}}