{"id":3718,"date":"2021-02-09T16:46:10","date_gmt":"2021-02-09T15:46:10","guid":{"rendered":"https:\/\/postresultzama.com\/?post_type=product&#038;p=3718"},"modified":"2026-01-28T11:54:42","modified_gmt":"2026-01-28T10:54:42","slug":"yogur-cremoso-de-oveja-con-arandanos","status":"publish","type":"product","link":"https:\/\/www.postresultzama.com\/eu\/tienda\/yogur\/yogur-cremoso-de-oveja-con-arandanos\/","title":{"rendered":"Ardi-esnez eginiko jogurt krematsua, ahabiekin 130g"},"content":{"rendered":"<p><strong>Deskripzioa:<\/strong> Yogur cremoso de leche de oveja con ar\u00e1ndanos.<\/p>\n<p><strong>Pisua:<\/strong> 130g.<\/p>\n<p><strong>Osagaiak: <\/strong><strong>ESNEA<\/strong> de oveja pasteurizada, preparado de ar\u00e1ndano 15% (ar\u00e1ndanos 40%, az\u00facar, agua, pur\u00e9 concentrado de ar\u00e1ndanos, almid\u00f3n de ma\u00edz, gelificante: pectina, concentrado de zanahoria e hibiscus, regulador de la acidez: citrato s\u00f3dico), az\u00facar y <strong>fermentos l\u00e1cticos.<\/strong> Origen de la leche: Navarra, Espa\u00f1a.<\/p>\n<p><strong>Kontserbazioa:<\/strong> Hotzean kontserbatu. T\u00aa=1-8\u00baC.<\/p>","protected":false},"excerpt":{"rendered":"<p>Ardi-esne fresko jetzi berriaz eta ahabiz artisau eginiko jogurt zapore gozo eta apartarekin. Testura krematsuak eta ahabien zapore paregabeak ematen diote postre honi duen izaera aparta.<\/p>\n<div class=\"envioFrio\">Enviamos todos nuestros productos en fr\u00edo para garantizar su perfecta conservaci\u00f3n.<\/div>","protected":false},"featured_media":4206,"template":"","meta":[],"product_brand":[],"product_cat":[75,64],"product_tag":[],"class_list":{"0":"post-3718","1":"product","2":"type-product","3":"status-publish","4":"has-post-thumbnail","6":"product_cat-130g","7":"product_cat-yogur","9":"first","10":"instock","11":"taxable","12":"shipping-taxable","13":"purchasable","14":"product-type-simple"},"yoast_head":"<!-- This site is optimized with the Yoast SEO plugin v27.2 - https:\/\/yoast.com\/product\/yoast-seo-wordpress\/ -->\n<title>Yogur cremoso de oveja con ar\u00e1ndanos 130g - Postres Ultzama<\/title>\n<meta name=\"robots\" content=\"index, follow, max-snippet:-1, max-image-preview:large, max-video-preview:-1\" \/>\n<link rel=\"canonical\" href=\"https:\/\/www.postresultzama.com\/eu\/tienda\/yogur\/yogur-cremoso-de-oveja-con-arandanos\/\" \/>\n<meta property=\"og:locale\" content=\"en_US\" \/>\n<meta property=\"og:type\" content=\"article\" \/>\n<meta property=\"og:title\" content=\"Yogur cremoso de oveja con ar\u00e1ndanos 130g - Postres Ultzama\" \/>\n<meta property=\"og:description\" content=\"Yogur artesanal elaborado con leche fresca de oveja reci\u00e9n orde\u00f1ada y ar\u00e1ndanos con un sabor delicioso y extraordinario. La cremosa textura y el sabor \u00fanico de los ar\u00e1ndanos hacen de este postre algo extraordinario. Enviamos todos nuestros productos en fr\u00edo para garantizar su perfecta conservaci\u00f3n.\" \/>\n<meta property=\"og:url\" content=\"https:\/\/www.postresultzama.com\/eu\/tienda\/yogur\/yogur-cremoso-de-oveja-con-arandanos\/\" \/>\n<meta property=\"og:site_name\" content=\"Postres Ultzama\" \/>\n<meta property=\"article:modified_time\" content=\"2026-01-28T10:54:42+00:00\" \/>\n<meta property=\"og:image\" content=\"https:\/\/www.postresultzama.com\/wp-content\/uploads\/2021\/03\/Yogur-PEQUENO-Arandanos-PU-scaled.jpg\" \/>\n\t<meta property=\"og:image:width\" content=\"2560\" \/>\n\t<meta property=\"og:image:height\" content=\"2560\" \/>\n\t<meta property=\"og:image:type\" content=\"image\/jpeg\" \/>\n<meta name=\"twitter:card\" content=\"summary_large_image\" \/>\n<meta name=\"twitter:label1\" content=\"Est. reading time\" \/>\n\t<meta name=\"twitter:data1\" content=\"1 minutua\" \/>\n<script type=\"application\/ld+json\" class=\"yoast-schema-graph\">{\"@context\":\"https:\/\/schema.org\",\"@graph\":[{\"@type\":\"WebPage\",\"@id\":\"https:\/\/www.postresultzama.com\/tienda\/yogur\/yogur-cremoso-de-oveja-con-arandanos\/\",\"url\":\"https:\/\/www.postresultzama.com\/tienda\/yogur\/yogur-cremoso-de-oveja-con-arandanos\/\",\"name\":\"Yogur cremoso de oveja con ar\u00e1ndanos 130g - Postres Ultzama\",\"isPartOf\":{\"@id\":\"https:\/\/www.postresultzama.com\/#website\"},\"primaryImageOfPage\":{\"@id\":\"https:\/\/www.postresultzama.com\/tienda\/yogur\/yogur-cremoso-de-oveja-con-arandanos\/#primaryimage\"},\"image\":{\"@id\":\"https:\/\/www.postresultzama.com\/tienda\/yogur\/yogur-cremoso-de-oveja-con-arandanos\/#primaryimage\"},\"thumbnailUrl\":\"https:\/\/www.postresultzama.com\/wp-content\/uploads\/2021\/03\/Yogur-PEQUENO-Arandanos-PU-scaled.jpg\",\"datePublished\":\"2021-02-09T15:46:10+00:00\",\"dateModified\":\"2026-01-28T10:54:42+00:00\",\"breadcrumb\":{\"@id\":\"https:\/\/www.postresultzama.com\/tienda\/yogur\/yogur-cremoso-de-oveja-con-arandanos\/#breadcrumb\"},\"inLanguage\":\"eu\",\"potentialAction\":[{\"@type\":\"ReadAction\",\"target\":[\"https:\/\/www.postresultzama.com\/tienda\/yogur\/yogur-cremoso-de-oveja-con-arandanos\/\"]}]},{\"@type\":\"ImageObject\",\"inLanguage\":\"eu\",\"@id\":\"https:\/\/www.postresultzama.com\/tienda\/yogur\/yogur-cremoso-de-oveja-con-arandanos\/#primaryimage\",\"url\":\"https:\/\/www.postresultzama.com\/wp-content\/uploads\/2021\/03\/Yogur-PEQUENO-Arandanos-PU-scaled.jpg\",\"contentUrl\":\"https:\/\/www.postresultzama.com\/wp-content\/uploads\/2021\/03\/Yogur-PEQUENO-Arandanos-PU-scaled.jpg\",\"width\":2560,\"height\":2560},{\"@type\":\"BreadcrumbList\",\"@id\":\"https:\/\/www.postresultzama.com\/tienda\/yogur\/yogur-cremoso-de-oveja-con-arandanos\/#breadcrumb\",\"itemListElement\":[{\"@type\":\"ListItem\",\"position\":1,\"name\":\"Portada\",\"item\":\"https:\/\/www.postresultzama.com\/\"},{\"@type\":\"ListItem\",\"position\":2,\"name\":\"Tienda\",\"item\":\"https:\/\/www.postresultzama.com\/tienda\/\"},{\"@type\":\"ListItem\",\"position\":3,\"name\":\"Yogur cremoso de oveja con ar\u00e1ndanos 130g\"}]},{\"@type\":\"WebSite\",\"@id\":\"https:\/\/www.postresultzama.com\/#website\",\"url\":\"https:\/\/www.postresultzama.com\/\",\"name\":\"Postres Ultzama\",\"description\":\"Productos artesanos y naturales con leche de oveja: leche, cuajada, yogures, helados de Postres Ultzama. Productos l\u00e1cteos de m\u00e1xima calidad.\",\"publisher\":{\"@id\":\"https:\/\/www.postresultzama.com\/#organization\"},\"potentialAction\":[{\"@type\":\"SearchAction\",\"target\":{\"@type\":\"EntryPoint\",\"urlTemplate\":\"https:\/\/www.postresultzama.com\/?s={search_term_string}\"},\"query-input\":{\"@type\":\"PropertyValueSpecification\",\"valueRequired\":true,\"valueName\":\"search_term_string\"}}],\"inLanguage\":\"eu\"},{\"@type\":\"Organization\",\"@id\":\"https:\/\/www.postresultzama.com\/#organization\",\"name\":\"Postres Ultzama\",\"url\":\"https:\/\/www.postresultzama.com\/\",\"logo\":{\"@type\":\"ImageObject\",\"inLanguage\":\"eu\",\"@id\":\"https:\/\/www.postresultzama.com\/#\/schema\/logo\/image\/\",\"url\":\"https:\/\/www.postresultzama.com\/wp-content\/uploads\/2023\/04\/postres-ultzama-logo.png\",\"contentUrl\":\"https:\/\/www.postresultzama.com\/wp-content\/uploads\/2023\/04\/postres-ultzama-logo.png\",\"width\":341,\"height\":288,\"caption\":\"Postres Ultzama\"},\"image\":{\"@id\":\"https:\/\/www.postresultzama.com\/#\/schema\/logo\/image\/\"}}]}<\/script>\n<!-- \/ Yoast SEO plugin. -->","yoast_head_json":{"title":"Yogur cremoso de oveja con ar\u00e1ndanos 130g - Postres Ultzama","robots":{"index":"index","follow":"follow","max-snippet":"max-snippet:-1","max-image-preview":"max-image-preview:large","max-video-preview":"max-video-preview:-1"},"canonical":"https:\/\/www.postresultzama.com\/eu\/tienda\/yogur\/yogur-cremoso-de-oveja-con-arandanos\/","og_locale":"en_US","og_type":"article","og_title":"Yogur cremoso de oveja con ar\u00e1ndanos 130g - Postres Ultzama","og_description":"Yogur artesanal elaborado con leche fresca de oveja reci\u00e9n orde\u00f1ada y ar\u00e1ndanos con un sabor delicioso y extraordinario. La cremosa textura y el sabor \u00fanico de los ar\u00e1ndanos hacen de este postre algo extraordinario. Enviamos todos nuestros productos en fr\u00edo para garantizar su perfecta conservaci\u00f3n.","og_url":"https:\/\/www.postresultzama.com\/eu\/tienda\/yogur\/yogur-cremoso-de-oveja-con-arandanos\/","og_site_name":"Postres Ultzama","article_modified_time":"2026-01-28T10:54:42+00:00","og_image":[{"width":2560,"height":2560,"url":"https:\/\/www.postresultzama.com\/wp-content\/uploads\/2021\/03\/Yogur-PEQUENO-Arandanos-PU-scaled.jpg","type":"image\/jpeg"}],"twitter_card":"summary_large_image","twitter_misc":{"Est. reading time":"1 minutua"},"schema":{"@context":"https:\/\/schema.org","@graph":[{"@type":"WebPage","@id":"https:\/\/www.postresultzama.com\/tienda\/yogur\/yogur-cremoso-de-oveja-con-arandanos\/","url":"https:\/\/www.postresultzama.com\/tienda\/yogur\/yogur-cremoso-de-oveja-con-arandanos\/","name":"Yogur cremoso de oveja con ar\u00e1ndanos 130g - Postres Ultzama","isPartOf":{"@id":"https:\/\/www.postresultzama.com\/#website"},"primaryImageOfPage":{"@id":"https:\/\/www.postresultzama.com\/tienda\/yogur\/yogur-cremoso-de-oveja-con-arandanos\/#primaryimage"},"image":{"@id":"https:\/\/www.postresultzama.com\/tienda\/yogur\/yogur-cremoso-de-oveja-con-arandanos\/#primaryimage"},"thumbnailUrl":"https:\/\/www.postresultzama.com\/wp-content\/uploads\/2021\/03\/Yogur-PEQUENO-Arandanos-PU-scaled.jpg","datePublished":"2021-02-09T15:46:10+00:00","dateModified":"2026-01-28T10:54:42+00:00","breadcrumb":{"@id":"https:\/\/www.postresultzama.com\/tienda\/yogur\/yogur-cremoso-de-oveja-con-arandanos\/#breadcrumb"},"inLanguage":"eu","potentialAction":[{"@type":"ReadAction","target":["https:\/\/www.postresultzama.com\/tienda\/yogur\/yogur-cremoso-de-oveja-con-arandanos\/"]}]},{"@type":"ImageObject","inLanguage":"eu","@id":"https:\/\/www.postresultzama.com\/tienda\/yogur\/yogur-cremoso-de-oveja-con-arandanos\/#primaryimage","url":"https:\/\/www.postresultzama.com\/wp-content\/uploads\/2021\/03\/Yogur-PEQUENO-Arandanos-PU-scaled.jpg","contentUrl":"https:\/\/www.postresultzama.com\/wp-content\/uploads\/2021\/03\/Yogur-PEQUENO-Arandanos-PU-scaled.jpg","width":2560,"height":2560},{"@type":"BreadcrumbList","@id":"https:\/\/www.postresultzama.com\/tienda\/yogur\/yogur-cremoso-de-oveja-con-arandanos\/#breadcrumb","itemListElement":[{"@type":"ListItem","position":1,"name":"Portada","item":"https:\/\/www.postresultzama.com\/"},{"@type":"ListItem","position":2,"name":"Tienda","item":"https:\/\/www.postresultzama.com\/tienda\/"},{"@type":"ListItem","position":3,"name":"Yogur cremoso de oveja con ar\u00e1ndanos 130g"}]},{"@type":"WebSite","@id":"https:\/\/www.postresultzama.com\/#website","url":"https:\/\/www.postresultzama.com\/","name":"Postres Ultzama","description":"Productos artesanos y naturales con leche de oveja: leche, cuajada, yogures, helados de Postres Ultzama. Productos l\u00e1cteos de m\u00e1xima calidad.","publisher":{"@id":"https:\/\/www.postresultzama.com\/#organization"},"potentialAction":[{"@type":"SearchAction","target":{"@type":"EntryPoint","urlTemplate":"https:\/\/www.postresultzama.com\/?s={search_term_string}"},"query-input":{"@type":"PropertyValueSpecification","valueRequired":true,"valueName":"search_term_string"}}],"inLanguage":"eu"},{"@type":"Organization","@id":"https:\/\/www.postresultzama.com\/#organization","name":"Postres Ultzama","url":"https:\/\/www.postresultzama.com\/","logo":{"@type":"ImageObject","inLanguage":"eu","@id":"https:\/\/www.postresultzama.com\/#\/schema\/logo\/image\/","url":"https:\/\/www.postresultzama.com\/wp-content\/uploads\/2023\/04\/postres-ultzama-logo.png","contentUrl":"https:\/\/www.postresultzama.com\/wp-content\/uploads\/2023\/04\/postres-ultzama-logo.png","width":341,"height":288,"caption":"Postres Ultzama"},"image":{"@id":"https:\/\/www.postresultzama.com\/#\/schema\/logo\/image\/"}}]}},"_links":{"self":[{"href":"https:\/\/www.postresultzama.com\/eu\/wp-json\/wp\/v2\/product\/3718","targetHints":{"allow":["GET"]}}],"collection":[{"href":"https:\/\/www.postresultzama.com\/eu\/wp-json\/wp\/v2\/product"}],"about":[{"href":"https:\/\/www.postresultzama.com\/eu\/wp-json\/wp\/v2\/types\/product"}],"wp:featuredmedia":[{"embeddable":true,"href":"https:\/\/www.postresultzama.com\/eu\/wp-json\/wp\/v2\/media\/4206"}],"wp:attachment":[{"href":"https:\/\/www.postresultzama.com\/eu\/wp-json\/wp\/v2\/media?parent=3718"}],"wp:term":[{"taxonomy":"product_brand","embeddable":true,"href":"https:\/\/www.postresultzama.com\/eu\/wp-json\/wp\/v2\/product_brand?post=3718"},{"taxonomy":"product_cat","embeddable":true,"href":"https:\/\/www.postresultzama.com\/eu\/wp-json\/wp\/v2\/product_cat?post=3718"},{"taxonomy":"product_tag","embeddable":true,"href":"https:\/\/www.postresultzama.com\/eu\/wp-json\/wp\/v2\/product_tag?post=3718"}],"curies":[{"name":"wp","href":"https:\/\/api.w.org\/{rel}","templated":true}]}}