{"id":3728,"date":"2021-02-04T17:27:52","date_gmt":"2021-02-04T16:27:52","guid":{"rendered":"https:\/\/postresultzama.com\/?post_type=product&#038;p=3728"},"modified":"2026-01-28T11:57:38","modified_gmt":"2026-01-28T10:57:38","slug":"helado-de-cuajada-natural-125ml","status":"publish","type":"product","link":"https:\/\/www.postresultzama.com\/eu\/tienda\/helado\/helado-de-cuajada-natural-125ml\/","title":{"rendered":"Gaztanbera-izozki naturala 125ml"},"content":{"rendered":"<p class=\"translation-block\"><strong>Descripzioa: <\/strong>Gaztanbera-izozki naturala  ardi-esne pasterizatu eta homogeneizatuz egina<\/p>\n<p><strong>Pisua:<\/strong> 125 ml.<\/p>\n<p class=\"translation-block\"><strong>Osagaiak:<\/strong> 0 <strong>ardi-esnea<\/strong> (), azukrea (%9), glukosa (%8), destrosa (%5), <strong>esne-hauts<\/strong> gaingabetua (%3), egonkortzaileak eta emultsionatzaileak (%0,5) (Gantz-azidoen mono eta diglizeridoak, karboximetila, zelulosa sodikoa, guar-irina, karragenatoak, alginato sodikoa, garrofina).<\/p>\n<p><strong>Kontserbazioa:<\/strong> Izoztua  kontserbatu T\u00ba&lt; -18\u00baCtan.<\/p>","protected":false},"excerpt":{"rendered":"<p>Ardi-esnez eginiko izozkia, esnegain gehigarririk gabe. Oso suabea eta krematsua. Gaztanbera sorbetea egiteko bikaina.<\/p>\n<div class=\"envioFrio\">Enviamos todos nuestros productos en fr\u00edo para garantizar su perfecta conservaci\u00f3n.<\/div>","protected":false},"featured_media":4197,"template":"","meta":[],"product_brand":[],"product_cat":[77,67],"product_tag":[],"class_list":{"0":"post-3728","1":"product","2":"type-product","3":"status-publish","4":"has-post-thumbnail","6":"product_cat-125ml","7":"product_cat-helado","9":"first","10":"outofstock","11":"taxable","12":"shipping-taxable","13":"purchasable","14":"product-type-simple"},"yoast_head":"<!-- This site is optimized with the Yoast SEO plugin v27.2 - https:\/\/yoast.com\/product\/yoast-seo-wordpress\/ -->\n<title>Helado de cuajada natural 125ml - Postres Ultzama<\/title>\n<meta name=\"robots\" content=\"index, follow, max-snippet:-1, max-image-preview:large, max-video-preview:-1\" \/>\n<link rel=\"canonical\" href=\"https:\/\/www.postresultzama.com\/eu\/tienda\/helado\/helado-de-cuajada-natural-125ml\/\" \/>\n<meta property=\"og:locale\" content=\"en_US\" \/>\n<meta property=\"og:type\" content=\"article\" \/>\n<meta property=\"og:title\" content=\"Helado de cuajada natural 125ml - Postres Ultzama\" \/>\n<meta property=\"og:description\" content=\"Helado elaborado con leche de oveja, sin nata a\u00f1adida. Muy suave y cremoso. Ideal para hacer sorbetes de cuajada. Enviamos todos nuestros productos en fr\u00edo para garantizar su perfecta conservaci\u00f3n.\" \/>\n<meta property=\"og:url\" content=\"https:\/\/www.postresultzama.com\/eu\/tienda\/helado\/helado-de-cuajada-natural-125ml\/\" \/>\n<meta property=\"og:site_name\" content=\"Postres Ultzama\" \/>\n<meta property=\"article:modified_time\" content=\"2026-01-28T10:57:38+00:00\" \/>\n<meta property=\"og:image\" content=\"https:\/\/www.postresultzama.com\/wp-content\/uploads\/2021\/03\/Helado-PEQUENO-Cuajada-PU-scaled.jpg\" \/>\n\t<meta property=\"og:image:width\" content=\"2560\" \/>\n\t<meta property=\"og:image:height\" content=\"2560\" \/>\n\t<meta property=\"og:image:type\" content=\"image\/jpeg\" \/>\n<meta name=\"twitter:card\" content=\"summary_large_image\" \/>\n<meta name=\"twitter:label1\" content=\"Est. reading time\" \/>\n\t<meta name=\"twitter:data1\" content=\"1 minutua\" \/>\n<script type=\"application\/ld+json\" class=\"yoast-schema-graph\">{\"@context\":\"https:\/\/schema.org\",\"@graph\":[{\"@type\":\"WebPage\",\"@id\":\"https:\/\/www.postresultzama.com\/tienda\/helado\/helado-de-cuajada-natural-125ml\/\",\"url\":\"https:\/\/www.postresultzama.com\/tienda\/helado\/helado-de-cuajada-natural-125ml\/\",\"name\":\"Helado de cuajada natural 125ml - Postres Ultzama\",\"isPartOf\":{\"@id\":\"https:\/\/www.postresultzama.com\/#website\"},\"primaryImageOfPage\":{\"@id\":\"https:\/\/www.postresultzama.com\/tienda\/helado\/helado-de-cuajada-natural-125ml\/#primaryimage\"},\"image\":{\"@id\":\"https:\/\/www.postresultzama.com\/tienda\/helado\/helado-de-cuajada-natural-125ml\/#primaryimage\"},\"thumbnailUrl\":\"https:\/\/www.postresultzama.com\/wp-content\/uploads\/2021\/03\/Helado-PEQUENO-Cuajada-PU-scaled.jpg\",\"datePublished\":\"2021-02-04T16:27:52+00:00\",\"dateModified\":\"2026-01-28T10:57:38+00:00\",\"breadcrumb\":{\"@id\":\"https:\/\/www.postresultzama.com\/tienda\/helado\/helado-de-cuajada-natural-125ml\/#breadcrumb\"},\"inLanguage\":\"eu\",\"potentialAction\":[{\"@type\":\"ReadAction\",\"target\":[\"https:\/\/www.postresultzama.com\/tienda\/helado\/helado-de-cuajada-natural-125ml\/\"]}]},{\"@type\":\"ImageObject\",\"inLanguage\":\"eu\",\"@id\":\"https:\/\/www.postresultzama.com\/tienda\/helado\/helado-de-cuajada-natural-125ml\/#primaryimage\",\"url\":\"https:\/\/www.postresultzama.com\/wp-content\/uploads\/2021\/03\/Helado-PEQUENO-Cuajada-PU-scaled.jpg\",\"contentUrl\":\"https:\/\/www.postresultzama.com\/wp-content\/uploads\/2021\/03\/Helado-PEQUENO-Cuajada-PU-scaled.jpg\",\"width\":2560,\"height\":2560},{\"@type\":\"BreadcrumbList\",\"@id\":\"https:\/\/www.postresultzama.com\/tienda\/helado\/helado-de-cuajada-natural-125ml\/#breadcrumb\",\"itemListElement\":[{\"@type\":\"ListItem\",\"position\":1,\"name\":\"Portada\",\"item\":\"https:\/\/www.postresultzama.com\/\"},{\"@type\":\"ListItem\",\"position\":2,\"name\":\"Tienda\",\"item\":\"https:\/\/www.postresultzama.com\/tienda\/\"},{\"@type\":\"ListItem\",\"position\":3,\"name\":\"Helado de cuajada natural 125ml\"}]},{\"@type\":\"WebSite\",\"@id\":\"https:\/\/www.postresultzama.com\/#website\",\"url\":\"https:\/\/www.postresultzama.com\/\",\"name\":\"Postres Ultzama\",\"description\":\"Productos artesanos y naturales con leche de oveja: leche, cuajada, yogures, helados de Postres Ultzama. Productos l\u00e1cteos de m\u00e1xima calidad.\",\"publisher\":{\"@id\":\"https:\/\/www.postresultzama.com\/#organization\"},\"potentialAction\":[{\"@type\":\"SearchAction\",\"target\":{\"@type\":\"EntryPoint\",\"urlTemplate\":\"https:\/\/www.postresultzama.com\/?s={search_term_string}\"},\"query-input\":{\"@type\":\"PropertyValueSpecification\",\"valueRequired\":true,\"valueName\":\"search_term_string\"}}],\"inLanguage\":\"eu\"},{\"@type\":\"Organization\",\"@id\":\"https:\/\/www.postresultzama.com\/#organization\",\"name\":\"Postres Ultzama\",\"url\":\"https:\/\/www.postresultzama.com\/\",\"logo\":{\"@type\":\"ImageObject\",\"inLanguage\":\"eu\",\"@id\":\"https:\/\/www.postresultzama.com\/#\/schema\/logo\/image\/\",\"url\":\"https:\/\/www.postresultzama.com\/wp-content\/uploads\/2023\/04\/postres-ultzama-logo.png\",\"contentUrl\":\"https:\/\/www.postresultzama.com\/wp-content\/uploads\/2023\/04\/postres-ultzama-logo.png\",\"width\":341,\"height\":288,\"caption\":\"Postres Ultzama\"},\"image\":{\"@id\":\"https:\/\/www.postresultzama.com\/#\/schema\/logo\/image\/\"}}]}<\/script>\n<!-- \/ Yoast SEO plugin. -->","yoast_head_json":{"title":"Helado de cuajada natural 125ml - Postres Ultzama","robots":{"index":"index","follow":"follow","max-snippet":"max-snippet:-1","max-image-preview":"max-image-preview:large","max-video-preview":"max-video-preview:-1"},"canonical":"https:\/\/www.postresultzama.com\/eu\/tienda\/helado\/helado-de-cuajada-natural-125ml\/","og_locale":"en_US","og_type":"article","og_title":"Helado de cuajada natural 125ml - Postres Ultzama","og_description":"Helado elaborado con leche de oveja, sin nata a\u00f1adida. Muy suave y cremoso. Ideal para hacer sorbetes de cuajada. Enviamos todos nuestros productos en fr\u00edo para garantizar su perfecta conservaci\u00f3n.","og_url":"https:\/\/www.postresultzama.com\/eu\/tienda\/helado\/helado-de-cuajada-natural-125ml\/","og_site_name":"Postres Ultzama","article_modified_time":"2026-01-28T10:57:38+00:00","og_image":[{"width":2560,"height":2560,"url":"https:\/\/www.postresultzama.com\/wp-content\/uploads\/2021\/03\/Helado-PEQUENO-Cuajada-PU-scaled.jpg","type":"image\/jpeg"}],"twitter_card":"summary_large_image","twitter_misc":{"Est. reading time":"1 minutua"},"schema":{"@context":"https:\/\/schema.org","@graph":[{"@type":"WebPage","@id":"https:\/\/www.postresultzama.com\/tienda\/helado\/helado-de-cuajada-natural-125ml\/","url":"https:\/\/www.postresultzama.com\/tienda\/helado\/helado-de-cuajada-natural-125ml\/","name":"Helado de cuajada natural 125ml - Postres Ultzama","isPartOf":{"@id":"https:\/\/www.postresultzama.com\/#website"},"primaryImageOfPage":{"@id":"https:\/\/www.postresultzama.com\/tienda\/helado\/helado-de-cuajada-natural-125ml\/#primaryimage"},"image":{"@id":"https:\/\/www.postresultzama.com\/tienda\/helado\/helado-de-cuajada-natural-125ml\/#primaryimage"},"thumbnailUrl":"https:\/\/www.postresultzama.com\/wp-content\/uploads\/2021\/03\/Helado-PEQUENO-Cuajada-PU-scaled.jpg","datePublished":"2021-02-04T16:27:52+00:00","dateModified":"2026-01-28T10:57:38+00:00","breadcrumb":{"@id":"https:\/\/www.postresultzama.com\/tienda\/helado\/helado-de-cuajada-natural-125ml\/#breadcrumb"},"inLanguage":"eu","potentialAction":[{"@type":"ReadAction","target":["https:\/\/www.postresultzama.com\/tienda\/helado\/helado-de-cuajada-natural-125ml\/"]}]},{"@type":"ImageObject","inLanguage":"eu","@id":"https:\/\/www.postresultzama.com\/tienda\/helado\/helado-de-cuajada-natural-125ml\/#primaryimage","url":"https:\/\/www.postresultzama.com\/wp-content\/uploads\/2021\/03\/Helado-PEQUENO-Cuajada-PU-scaled.jpg","contentUrl":"https:\/\/www.postresultzama.com\/wp-content\/uploads\/2021\/03\/Helado-PEQUENO-Cuajada-PU-scaled.jpg","width":2560,"height":2560},{"@type":"BreadcrumbList","@id":"https:\/\/www.postresultzama.com\/tienda\/helado\/helado-de-cuajada-natural-125ml\/#breadcrumb","itemListElement":[{"@type":"ListItem","position":1,"name":"Portada","item":"https:\/\/www.postresultzama.com\/"},{"@type":"ListItem","position":2,"name":"Tienda","item":"https:\/\/www.postresultzama.com\/tienda\/"},{"@type":"ListItem","position":3,"name":"Helado de cuajada natural 125ml"}]},{"@type":"WebSite","@id":"https:\/\/www.postresultzama.com\/#website","url":"https:\/\/www.postresultzama.com\/","name":"Postres Ultzama","description":"Productos artesanos y naturales con leche de oveja: leche, cuajada, yogures, helados de Postres Ultzama. Productos l\u00e1cteos de m\u00e1xima calidad.","publisher":{"@id":"https:\/\/www.postresultzama.com\/#organization"},"potentialAction":[{"@type":"SearchAction","target":{"@type":"EntryPoint","urlTemplate":"https:\/\/www.postresultzama.com\/?s={search_term_string}"},"query-input":{"@type":"PropertyValueSpecification","valueRequired":true,"valueName":"search_term_string"}}],"inLanguage":"eu"},{"@type":"Organization","@id":"https:\/\/www.postresultzama.com\/#organization","name":"Postres Ultzama","url":"https:\/\/www.postresultzama.com\/","logo":{"@type":"ImageObject","inLanguage":"eu","@id":"https:\/\/www.postresultzama.com\/#\/schema\/logo\/image\/","url":"https:\/\/www.postresultzama.com\/wp-content\/uploads\/2023\/04\/postres-ultzama-logo.png","contentUrl":"https:\/\/www.postresultzama.com\/wp-content\/uploads\/2023\/04\/postres-ultzama-logo.png","width":341,"height":288,"caption":"Postres Ultzama"},"image":{"@id":"https:\/\/www.postresultzama.com\/#\/schema\/logo\/image\/"}}]}},"_links":{"self":[{"href":"https:\/\/www.postresultzama.com\/eu\/wp-json\/wp\/v2\/product\/3728","targetHints":{"allow":["GET"]}}],"collection":[{"href":"https:\/\/www.postresultzama.com\/eu\/wp-json\/wp\/v2\/product"}],"about":[{"href":"https:\/\/www.postresultzama.com\/eu\/wp-json\/wp\/v2\/types\/product"}],"wp:featuredmedia":[{"embeddable":true,"href":"https:\/\/www.postresultzama.com\/eu\/wp-json\/wp\/v2\/media\/4197"}],"wp:attachment":[{"href":"https:\/\/www.postresultzama.com\/eu\/wp-json\/wp\/v2\/media?parent=3728"}],"wp:term":[{"taxonomy":"product_brand","embeddable":true,"href":"https:\/\/www.postresultzama.com\/eu\/wp-json\/wp\/v2\/product_brand?post=3728"},{"taxonomy":"product_cat","embeddable":true,"href":"https:\/\/www.postresultzama.com\/eu\/wp-json\/wp\/v2\/product_cat?post=3728"},{"taxonomy":"product_tag","embeddable":true,"href":"https:\/\/www.postresultzama.com\/eu\/wp-json\/wp\/v2\/product_tag?post=3728"}],"curies":[{"name":"wp","href":"https:\/\/api.w.org\/{rel}","templated":true}]}}