{"id":3736,"date":"2021-02-04T17:58:17","date_gmt":"2021-02-04T16:58:17","guid":{"rendered":"https:\/\/postresultzama.com\/?post_type=product&#038;p=3736"},"modified":"2026-01-28T11:55:41","modified_gmt":"2026-01-28T10:55:41","slug":"queso-ultzama-1kg","status":"publish","type":"product","link":"https:\/\/www.postresultzama.com\/eu\/tienda\/queso\/queso-ultzama-1kg\/","title":{"rendered":"Ultzama Gazta 1kg"},"content":{"rendered":"<p><strong>Deskripzioa:<\/strong> Ardi-esne gordinez eginiko gazta ondua.<\/p>\n<p><strong>Pisua:<\/strong> 1-1,2 kg.<\/p>\n<p class=\"translation-block\"><strong>Osagaiak: <\/strong><strong>Ardi-esne gordina<\/strong>, gatza, abere-gatzagia, hartzigarri laktikoak, kontserbagarria: arrautza lisozima.<\/p>\n<p><strong>Kontserbazioa:<\/strong> Kontserbatu 1-8\u00baCtan.<\/p>","protected":false},"excerpt":{"rendered":"<p>Gozoa, berezkoa eta bikaina. Ultzama gazta ondua, gure ardien esne gordinarekin eskuz egina dago. Edozein unetan gozatzeko gutizia. Adikzioa sortzen duen gazta.<\/p>\n<div class=\"envioFrio\">Enviamos todos nuestros productos en fr\u00edo para garantizar su perfecta conservaci\u00f3n.<\/div>","protected":false},"featured_media":4203,"template":"","meta":[],"product_brand":[],"product_cat":[68],"product_tag":[],"class_list":{"0":"post-3736","1":"product","2":"type-product","3":"status-publish","4":"has-post-thumbnail","6":"product_cat-queso","8":"first","9":"instock","10":"taxable","11":"shipping-taxable","12":"purchasable","13":"product-type-simple"},"yoast_head":"<!-- This site is optimized with the Yoast SEO plugin v27.2 - https:\/\/yoast.com\/product\/yoast-seo-wordpress\/ -->\n<title>Queso Ultzama 1kg - Postres Ultzama<\/title>\n<meta name=\"robots\" content=\"index, follow, max-snippet:-1, max-image-preview:large, max-video-preview:-1\" \/>\n<link rel=\"canonical\" href=\"https:\/\/www.postresultzama.com\/eu\/tienda\/queso\/queso-ultzama-1kg\/\" \/>\n<meta property=\"og:locale\" content=\"en_US\" \/>\n<meta property=\"og:type\" content=\"article\" \/>\n<meta property=\"og:title\" content=\"Queso Ultzama 1kg - Postres Ultzama\" \/>\n<meta property=\"og:description\" content=\"Sabroso, con entidad propia y exquisito. El Queso Madurado Ultzama est\u00e1 elaborado tradicionalmente con leche cruda de nuestras ovejas. Un capricho para disfrutar en cualquier momento. Un queso que crea adicci\u00f3n. Enviamos todos nuestros productos en fr\u00edo para garantizar su perfecta conservaci\u00f3n.\" \/>\n<meta property=\"og:url\" content=\"https:\/\/www.postresultzama.com\/eu\/tienda\/queso\/queso-ultzama-1kg\/\" \/>\n<meta property=\"og:site_name\" content=\"Postres Ultzama\" \/>\n<meta property=\"article:modified_time\" content=\"2026-01-28T10:55:41+00:00\" \/>\n<meta property=\"og:image\" content=\"https:\/\/www.postresultzama.com\/wp-content\/uploads\/2021\/03\/Queso-Rueda-PU-scaled.jpg\" \/>\n\t<meta property=\"og:image:width\" content=\"2560\" \/>\n\t<meta property=\"og:image:height\" content=\"2560\" \/>\n\t<meta property=\"og:image:type\" content=\"image\/jpeg\" \/>\n<meta name=\"twitter:card\" content=\"summary_large_image\" \/>\n<meta name=\"twitter:label1\" content=\"Est. reading time\" \/>\n\t<meta name=\"twitter:data1\" content=\"1 minutua\" \/>\n<script type=\"application\/ld+json\" class=\"yoast-schema-graph\">{\"@context\":\"https:\/\/schema.org\",\"@graph\":[{\"@type\":\"WebPage\",\"@id\":\"https:\/\/www.postresultzama.com\/tienda\/queso\/queso-ultzama-1kg\/\",\"url\":\"https:\/\/www.postresultzama.com\/tienda\/queso\/queso-ultzama-1kg\/\",\"name\":\"Queso Ultzama 1kg - Postres Ultzama\",\"isPartOf\":{\"@id\":\"https:\/\/www.postresultzama.com\/#website\"},\"primaryImageOfPage\":{\"@id\":\"https:\/\/www.postresultzama.com\/tienda\/queso\/queso-ultzama-1kg\/#primaryimage\"},\"image\":{\"@id\":\"https:\/\/www.postresultzama.com\/tienda\/queso\/queso-ultzama-1kg\/#primaryimage\"},\"thumbnailUrl\":\"https:\/\/www.postresultzama.com\/wp-content\/uploads\/2021\/03\/Queso-Rueda-PU-scaled.jpg\",\"datePublished\":\"2021-02-04T16:58:17+00:00\",\"dateModified\":\"2026-01-28T10:55:41+00:00\",\"breadcrumb\":{\"@id\":\"https:\/\/www.postresultzama.com\/tienda\/queso\/queso-ultzama-1kg\/#breadcrumb\"},\"inLanguage\":\"eu\",\"potentialAction\":[{\"@type\":\"ReadAction\",\"target\":[\"https:\/\/www.postresultzama.com\/tienda\/queso\/queso-ultzama-1kg\/\"]}]},{\"@type\":\"ImageObject\",\"inLanguage\":\"eu\",\"@id\":\"https:\/\/www.postresultzama.com\/tienda\/queso\/queso-ultzama-1kg\/#primaryimage\",\"url\":\"https:\/\/www.postresultzama.com\/wp-content\/uploads\/2021\/03\/Queso-Rueda-PU-scaled.jpg\",\"contentUrl\":\"https:\/\/www.postresultzama.com\/wp-content\/uploads\/2021\/03\/Queso-Rueda-PU-scaled.jpg\",\"width\":2560,\"height\":2560},{\"@type\":\"BreadcrumbList\",\"@id\":\"https:\/\/www.postresultzama.com\/tienda\/queso\/queso-ultzama-1kg\/#breadcrumb\",\"itemListElement\":[{\"@type\":\"ListItem\",\"position\":1,\"name\":\"Portada\",\"item\":\"https:\/\/www.postresultzama.com\/\"},{\"@type\":\"ListItem\",\"position\":2,\"name\":\"Tienda\",\"item\":\"https:\/\/www.postresultzama.com\/tienda\/\"},{\"@type\":\"ListItem\",\"position\":3,\"name\":\"Queso Ultzama 1kg\"}]},{\"@type\":\"WebSite\",\"@id\":\"https:\/\/www.postresultzama.com\/#website\",\"url\":\"https:\/\/www.postresultzama.com\/\",\"name\":\"Postres Ultzama\",\"description\":\"Productos artesanos y naturales con leche de oveja: leche, cuajada, yogures, helados de Postres Ultzama. Productos l\u00e1cteos de m\u00e1xima calidad.\",\"publisher\":{\"@id\":\"https:\/\/www.postresultzama.com\/#organization\"},\"potentialAction\":[{\"@type\":\"SearchAction\",\"target\":{\"@type\":\"EntryPoint\",\"urlTemplate\":\"https:\/\/www.postresultzama.com\/?s={search_term_string}\"},\"query-input\":{\"@type\":\"PropertyValueSpecification\",\"valueRequired\":true,\"valueName\":\"search_term_string\"}}],\"inLanguage\":\"eu\"},{\"@type\":\"Organization\",\"@id\":\"https:\/\/www.postresultzama.com\/#organization\",\"name\":\"Postres Ultzama\",\"url\":\"https:\/\/www.postresultzama.com\/\",\"logo\":{\"@type\":\"ImageObject\",\"inLanguage\":\"eu\",\"@id\":\"https:\/\/www.postresultzama.com\/#\/schema\/logo\/image\/\",\"url\":\"https:\/\/www.postresultzama.com\/wp-content\/uploads\/2023\/04\/postres-ultzama-logo.png\",\"contentUrl\":\"https:\/\/www.postresultzama.com\/wp-content\/uploads\/2023\/04\/postres-ultzama-logo.png\",\"width\":341,\"height\":288,\"caption\":\"Postres Ultzama\"},\"image\":{\"@id\":\"https:\/\/www.postresultzama.com\/#\/schema\/logo\/image\/\"}}]}<\/script>\n<!-- \/ Yoast SEO plugin. -->","yoast_head_json":{"title":"Queso Ultzama 1kg - Postres Ultzama","robots":{"index":"index","follow":"follow","max-snippet":"max-snippet:-1","max-image-preview":"max-image-preview:large","max-video-preview":"max-video-preview:-1"},"canonical":"https:\/\/www.postresultzama.com\/eu\/tienda\/queso\/queso-ultzama-1kg\/","og_locale":"en_US","og_type":"article","og_title":"Queso Ultzama 1kg - Postres Ultzama","og_description":"Sabroso, con entidad propia y exquisito. El Queso Madurado Ultzama est\u00e1 elaborado tradicionalmente con leche cruda de nuestras ovejas. Un capricho para disfrutar en cualquier momento. Un queso que crea adicci\u00f3n. Enviamos todos nuestros productos en fr\u00edo para garantizar su perfecta conservaci\u00f3n.","og_url":"https:\/\/www.postresultzama.com\/eu\/tienda\/queso\/queso-ultzama-1kg\/","og_site_name":"Postres Ultzama","article_modified_time":"2026-01-28T10:55:41+00:00","og_image":[{"width":2560,"height":2560,"url":"https:\/\/www.postresultzama.com\/wp-content\/uploads\/2021\/03\/Queso-Rueda-PU-scaled.jpg","type":"image\/jpeg"}],"twitter_card":"summary_large_image","twitter_misc":{"Est. reading time":"1 minutua"},"schema":{"@context":"https:\/\/schema.org","@graph":[{"@type":"WebPage","@id":"https:\/\/www.postresultzama.com\/tienda\/queso\/queso-ultzama-1kg\/","url":"https:\/\/www.postresultzama.com\/tienda\/queso\/queso-ultzama-1kg\/","name":"Queso Ultzama 1kg - Postres Ultzama","isPartOf":{"@id":"https:\/\/www.postresultzama.com\/#website"},"primaryImageOfPage":{"@id":"https:\/\/www.postresultzama.com\/tienda\/queso\/queso-ultzama-1kg\/#primaryimage"},"image":{"@id":"https:\/\/www.postresultzama.com\/tienda\/queso\/queso-ultzama-1kg\/#primaryimage"},"thumbnailUrl":"https:\/\/www.postresultzama.com\/wp-content\/uploads\/2021\/03\/Queso-Rueda-PU-scaled.jpg","datePublished":"2021-02-04T16:58:17+00:00","dateModified":"2026-01-28T10:55:41+00:00","breadcrumb":{"@id":"https:\/\/www.postresultzama.com\/tienda\/queso\/queso-ultzama-1kg\/#breadcrumb"},"inLanguage":"eu","potentialAction":[{"@type":"ReadAction","target":["https:\/\/www.postresultzama.com\/tienda\/queso\/queso-ultzama-1kg\/"]}]},{"@type":"ImageObject","inLanguage":"eu","@id":"https:\/\/www.postresultzama.com\/tienda\/queso\/queso-ultzama-1kg\/#primaryimage","url":"https:\/\/www.postresultzama.com\/wp-content\/uploads\/2021\/03\/Queso-Rueda-PU-scaled.jpg","contentUrl":"https:\/\/www.postresultzama.com\/wp-content\/uploads\/2021\/03\/Queso-Rueda-PU-scaled.jpg","width":2560,"height":2560},{"@type":"BreadcrumbList","@id":"https:\/\/www.postresultzama.com\/tienda\/queso\/queso-ultzama-1kg\/#breadcrumb","itemListElement":[{"@type":"ListItem","position":1,"name":"Portada","item":"https:\/\/www.postresultzama.com\/"},{"@type":"ListItem","position":2,"name":"Tienda","item":"https:\/\/www.postresultzama.com\/tienda\/"},{"@type":"ListItem","position":3,"name":"Queso Ultzama 1kg"}]},{"@type":"WebSite","@id":"https:\/\/www.postresultzama.com\/#website","url":"https:\/\/www.postresultzama.com\/","name":"Postres Ultzama","description":"Productos artesanos y naturales con leche de oveja: leche, cuajada, yogures, helados de Postres Ultzama. Productos l\u00e1cteos de m\u00e1xima calidad.","publisher":{"@id":"https:\/\/www.postresultzama.com\/#organization"},"potentialAction":[{"@type":"SearchAction","target":{"@type":"EntryPoint","urlTemplate":"https:\/\/www.postresultzama.com\/?s={search_term_string}"},"query-input":{"@type":"PropertyValueSpecification","valueRequired":true,"valueName":"search_term_string"}}],"inLanguage":"eu"},{"@type":"Organization","@id":"https:\/\/www.postresultzama.com\/#organization","name":"Postres Ultzama","url":"https:\/\/www.postresultzama.com\/","logo":{"@type":"ImageObject","inLanguage":"eu","@id":"https:\/\/www.postresultzama.com\/#\/schema\/logo\/image\/","url":"https:\/\/www.postresultzama.com\/wp-content\/uploads\/2023\/04\/postres-ultzama-logo.png","contentUrl":"https:\/\/www.postresultzama.com\/wp-content\/uploads\/2023\/04\/postres-ultzama-logo.png","width":341,"height":288,"caption":"Postres Ultzama"},"image":{"@id":"https:\/\/www.postresultzama.com\/#\/schema\/logo\/image\/"}}]}},"_links":{"self":[{"href":"https:\/\/www.postresultzama.com\/eu\/wp-json\/wp\/v2\/product\/3736","targetHints":{"allow":["GET"]}}],"collection":[{"href":"https:\/\/www.postresultzama.com\/eu\/wp-json\/wp\/v2\/product"}],"about":[{"href":"https:\/\/www.postresultzama.com\/eu\/wp-json\/wp\/v2\/types\/product"}],"wp:featuredmedia":[{"embeddable":true,"href":"https:\/\/www.postresultzama.com\/eu\/wp-json\/wp\/v2\/media\/4203"}],"wp:attachment":[{"href":"https:\/\/www.postresultzama.com\/eu\/wp-json\/wp\/v2\/media?parent=3736"}],"wp:term":[{"taxonomy":"product_brand","embeddable":true,"href":"https:\/\/www.postresultzama.com\/eu\/wp-json\/wp\/v2\/product_brand?post=3736"},{"taxonomy":"product_cat","embeddable":true,"href":"https:\/\/www.postresultzama.com\/eu\/wp-json\/wp\/v2\/product_cat?post=3736"},{"taxonomy":"product_tag","embeddable":true,"href":"https:\/\/www.postresultzama.com\/eu\/wp-json\/wp\/v2\/product_tag?post=3736"}],"curies":[{"name":"wp","href":"https:\/\/api.w.org\/{rel}","templated":true}]}}