{"id":4672,"date":"2021-10-04T13:52:55","date_gmt":"2021-10-04T12:52:55","guid":{"rendered":"https:\/\/postresultzama.com\/?post_type=product&#038;p=4672"},"modified":"2026-01-28T11:51:56","modified_gmt":"2026-01-28T10:51:56","slug":"nuestros-productos-postres-ultzama","status":"publish","type":"product","link":"https:\/\/www.postresultzama.com\/eu\/tienda\/lotes\/nuestros-productos-postres-ultzama\/","title":{"rendered":"Postres Ultzama, gure produktuak"},"content":{"rendered":"<p>Ardi esne naturala, unitate 1<\/p>\n<p>Ardi esnea kizkilurrin zaporearekin, unitate 1<\/p>\n<p>Gatzagia, unitate 1<\/p>\n<p>Mami naturala 130gr, unitate 1<\/p>\n<p>Ardi jogurt naturala 130gr, unitate 1<\/p>\n<p>Ardi jogurta marrubiekin 130gr, unitate 1<\/p>\n<p>Ardi jogurta mangoarekin 130gr, unitate 1<\/p>\n<p>Ardi jogurta mandarinarekin 130gr, unitate 1<\/p>\n<p>Ardi jogurta arandanoekin 130gr, unitate 1<\/p>\n<p>Ultzamako ardi gazta 250gr, unitate 1<\/p>\n<p>Kafezko gutizia 130gr, unitate 1<\/p>\n<p>Txokolatezko gutizia 130grs, unitate 1<\/p>","protected":false},"excerpt":{"rendered":"<p>Ardi esne naturala, unitate 1<\/p>\n<p>Ardi esnea kizkilurrin zaporearekin, unitate 1<\/p>\n<p>Gatzagia, unitate 1<\/p>\n<p>Mami naturala 130gr, unitate 1<\/p>\n<p>Ardi jogurt naturala 130gr, unitate 1<\/p>\n<p>Ardi jogurta marrubiekin 130gr, unitate 1<\/p>\n<p>Ardi jogurta mangoarekin 130gr, unitate 1<\/p>\n<p>Ardi jogurta mandarinarekin 130gr, unitate 1<\/p>\n<p>Ardi jogurta arandanoekin 130gr, unitate 1<\/p>\n<p>Ultzamako ardi gazta 250gr, unitate 1<\/p>\n<p>Kafezko gutizia 130gr, unitate 1<\/p>\n<p>Txokolatezko gutizia 130grs, unitate 1<\/p>\n<div class=\"envioFrio\">Enviamos todos nuestros productos en fr\u00edo para garantizar su perfecta conservaci\u00f3n.<\/div>","protected":false},"featured_media":5062,"template":"","meta":[],"product_brand":[],"product_cat":[101],"product_tag":[],"class_list":{"0":"post-4672","1":"product","2":"type-product","3":"status-publish","4":"has-post-thumbnail","6":"product_cat-lotes","8":"first","9":"instock","10":"taxable","11":"shipping-taxable","12":"purchasable","13":"product-type-simple"},"yoast_head":"<!-- This site is optimized with the Yoast SEO plugin v27.2 - https:\/\/yoast.com\/product\/yoast-seo-wordpress\/ -->\n<title>Nuestros Productos Postres Ultzama - Postres Ultzama<\/title>\n<meta name=\"robots\" content=\"index, follow, max-snippet:-1, max-image-preview:large, max-video-preview:-1\" \/>\n<link rel=\"canonical\" href=\"https:\/\/www.postresultzama.com\/eu\/tienda\/lotes\/nuestros-productos-postres-ultzama\/\" \/>\n<meta property=\"og:locale\" content=\"en_US\" \/>\n<meta property=\"og:type\" content=\"article\" \/>\n<meta property=\"og:title\" content=\"Nuestros Productos Postres Ultzama - Postres Ultzama\" \/>\n<meta property=\"og:description\" content=\"Leche de oveja natural 1 litro (1 unidad)  Leche de oveja con sabor a kizkilurrin 1 litro (1 unidad)  Coagulante microbiano 60 ml (1 unidad)  Cuajada natural 130 g (1 unidad)  Yogur cremoso de oveja natural 130 g\u00a0(1 unidad)  Yogur de oveja con fresas 130 g\u00a0(1 unidad)  Yogur de oveja con mango 130 g\u00a0(1 unidad)  Yogur de oveja con mandarinas 130 g\u00a0(1 unidad)  Yogur de oveja con ar\u00e1ndanos 130 g\u00a0(1 unidad)  Cu\u00f1a de queso de oveja Ultzama 250 g (1 unidad)  Capricho de caf\u00e9 130 grs (1 unidad)  Capricho de chocolate 130 grs (1 unidad) Enviamos todos nuestros productos en fr\u00edo para garantizar su perfecta conservaci\u00f3n.\" \/>\n<meta property=\"og:url\" content=\"https:\/\/www.postresultzama.com\/eu\/tienda\/lotes\/nuestros-productos-postres-ultzama\/\" \/>\n<meta property=\"og:site_name\" content=\"Postres Ultzama\" \/>\n<meta property=\"article:modified_time\" content=\"2026-01-28T10:51:56+00:00\" \/>\n<meta property=\"og:image\" content=\"https:\/\/www.postresultzama.com\/wp-content\/uploads\/2021\/10\/Productos-B1-11-22.jpg\" \/>\n\t<meta property=\"og:image:width\" content=\"614\" \/>\n\t<meta property=\"og:image:height\" content=\"614\" \/>\n\t<meta property=\"og:image:type\" content=\"image\/jpeg\" \/>\n<meta name=\"twitter:card\" content=\"summary_large_image\" \/>\n<meta name=\"twitter:label1\" content=\"Est. reading time\" \/>\n\t<meta name=\"twitter:data1\" content=\"1 minutua\" \/>\n<script type=\"application\/ld+json\" class=\"yoast-schema-graph\">{\"@context\":\"https:\/\/schema.org\",\"@graph\":[{\"@type\":\"WebPage\",\"@id\":\"https:\/\/www.postresultzama.com\/tienda\/lotes\/nuestros-productos-postres-ultzama\/\",\"url\":\"https:\/\/www.postresultzama.com\/tienda\/lotes\/nuestros-productos-postres-ultzama\/\",\"name\":\"Nuestros Productos Postres Ultzama - Postres Ultzama\",\"isPartOf\":{\"@id\":\"https:\/\/www.postresultzama.com\/#website\"},\"primaryImageOfPage\":{\"@id\":\"https:\/\/www.postresultzama.com\/tienda\/lotes\/nuestros-productos-postres-ultzama\/#primaryimage\"},\"image\":{\"@id\":\"https:\/\/www.postresultzama.com\/tienda\/lotes\/nuestros-productos-postres-ultzama\/#primaryimage\"},\"thumbnailUrl\":\"https:\/\/www.postresultzama.com\/wp-content\/uploads\/2021\/10\/Productos-B1-11-22.jpg\",\"datePublished\":\"2021-10-04T12:52:55+00:00\",\"dateModified\":\"2026-01-28T10:51:56+00:00\",\"breadcrumb\":{\"@id\":\"https:\/\/www.postresultzama.com\/tienda\/lotes\/nuestros-productos-postres-ultzama\/#breadcrumb\"},\"inLanguage\":\"eu\",\"potentialAction\":[{\"@type\":\"ReadAction\",\"target\":[\"https:\/\/www.postresultzama.com\/tienda\/lotes\/nuestros-productos-postres-ultzama\/\"]}]},{\"@type\":\"ImageObject\",\"inLanguage\":\"eu\",\"@id\":\"https:\/\/www.postresultzama.com\/tienda\/lotes\/nuestros-productos-postres-ultzama\/#primaryimage\",\"url\":\"https:\/\/www.postresultzama.com\/wp-content\/uploads\/2021\/10\/Productos-B1-11-22.jpg\",\"contentUrl\":\"https:\/\/www.postresultzama.com\/wp-content\/uploads\/2021\/10\/Productos-B1-11-22.jpg\",\"width\":614,\"height\":614,\"caption\":\"Lote de Productos Ultzama\"},{\"@type\":\"BreadcrumbList\",\"@id\":\"https:\/\/www.postresultzama.com\/tienda\/lotes\/nuestros-productos-postres-ultzama\/#breadcrumb\",\"itemListElement\":[{\"@type\":\"ListItem\",\"position\":1,\"name\":\"Portada\",\"item\":\"https:\/\/www.postresultzama.com\/\"},{\"@type\":\"ListItem\",\"position\":2,\"name\":\"Tienda\",\"item\":\"https:\/\/www.postresultzama.com\/tienda\/\"},{\"@type\":\"ListItem\",\"position\":3,\"name\":\"Nuestros Productos Postres Ultzama\"}]},{\"@type\":\"WebSite\",\"@id\":\"https:\/\/www.postresultzama.com\/#website\",\"url\":\"https:\/\/www.postresultzama.com\/\",\"name\":\"Postres Ultzama\",\"description\":\"Productos artesanos y naturales con leche de oveja: leche, cuajada, yogures, helados de Postres Ultzama. Productos l\u00e1cteos de m\u00e1xima calidad.\",\"publisher\":{\"@id\":\"https:\/\/www.postresultzama.com\/#organization\"},\"potentialAction\":[{\"@type\":\"SearchAction\",\"target\":{\"@type\":\"EntryPoint\",\"urlTemplate\":\"https:\/\/www.postresultzama.com\/?s={search_term_string}\"},\"query-input\":{\"@type\":\"PropertyValueSpecification\",\"valueRequired\":true,\"valueName\":\"search_term_string\"}}],\"inLanguage\":\"eu\"},{\"@type\":\"Organization\",\"@id\":\"https:\/\/www.postresultzama.com\/#organization\",\"name\":\"Postres Ultzama\",\"url\":\"https:\/\/www.postresultzama.com\/\",\"logo\":{\"@type\":\"ImageObject\",\"inLanguage\":\"eu\",\"@id\":\"https:\/\/www.postresultzama.com\/#\/schema\/logo\/image\/\",\"url\":\"https:\/\/www.postresultzama.com\/wp-content\/uploads\/2023\/04\/postres-ultzama-logo.png\",\"contentUrl\":\"https:\/\/www.postresultzama.com\/wp-content\/uploads\/2023\/04\/postres-ultzama-logo.png\",\"width\":341,\"height\":288,\"caption\":\"Postres Ultzama\"},\"image\":{\"@id\":\"https:\/\/www.postresultzama.com\/#\/schema\/logo\/image\/\"}}]}<\/script>\n<!-- \/ Yoast SEO plugin. -->","yoast_head_json":{"title":"Nuestros Productos Postres Ultzama - Postres Ultzama","robots":{"index":"index","follow":"follow","max-snippet":"max-snippet:-1","max-image-preview":"max-image-preview:large","max-video-preview":"max-video-preview:-1"},"canonical":"https:\/\/www.postresultzama.com\/eu\/tienda\/lotes\/nuestros-productos-postres-ultzama\/","og_locale":"en_US","og_type":"article","og_title":"Nuestros Productos Postres Ultzama - Postres Ultzama","og_description":"Leche de oveja natural 1 litro (1 unidad)  Leche de oveja con sabor a kizkilurrin 1 litro (1 unidad)  Coagulante microbiano 60 ml (1 unidad)  Cuajada natural 130 g (1 unidad)  Yogur cremoso de oveja natural 130 g\u00a0(1 unidad)  Yogur de oveja con fresas 130 g\u00a0(1 unidad)  Yogur de oveja con mango 130 g\u00a0(1 unidad)  Yogur de oveja con mandarinas 130 g\u00a0(1 unidad)  Yogur de oveja con ar\u00e1ndanos 130 g\u00a0(1 unidad)  Cu\u00f1a de queso de oveja Ultzama 250 g (1 unidad)  Capricho de caf\u00e9 130 grs (1 unidad)  Capricho de chocolate 130 grs (1 unidad) Enviamos todos nuestros productos en fr\u00edo para garantizar su perfecta conservaci\u00f3n.","og_url":"https:\/\/www.postresultzama.com\/eu\/tienda\/lotes\/nuestros-productos-postres-ultzama\/","og_site_name":"Postres Ultzama","article_modified_time":"2026-01-28T10:51:56+00:00","og_image":[{"width":614,"height":614,"url":"https:\/\/www.postresultzama.com\/wp-content\/uploads\/2021\/10\/Productos-B1-11-22.jpg","type":"image\/jpeg"}],"twitter_card":"summary_large_image","twitter_misc":{"Est. reading time":"1 minutua"},"schema":{"@context":"https:\/\/schema.org","@graph":[{"@type":"WebPage","@id":"https:\/\/www.postresultzama.com\/tienda\/lotes\/nuestros-productos-postres-ultzama\/","url":"https:\/\/www.postresultzama.com\/tienda\/lotes\/nuestros-productos-postres-ultzama\/","name":"Nuestros Productos Postres Ultzama - Postres Ultzama","isPartOf":{"@id":"https:\/\/www.postresultzama.com\/#website"},"primaryImageOfPage":{"@id":"https:\/\/www.postresultzama.com\/tienda\/lotes\/nuestros-productos-postres-ultzama\/#primaryimage"},"image":{"@id":"https:\/\/www.postresultzama.com\/tienda\/lotes\/nuestros-productos-postres-ultzama\/#primaryimage"},"thumbnailUrl":"https:\/\/www.postresultzama.com\/wp-content\/uploads\/2021\/10\/Productos-B1-11-22.jpg","datePublished":"2021-10-04T12:52:55+00:00","dateModified":"2026-01-28T10:51:56+00:00","breadcrumb":{"@id":"https:\/\/www.postresultzama.com\/tienda\/lotes\/nuestros-productos-postres-ultzama\/#breadcrumb"},"inLanguage":"eu","potentialAction":[{"@type":"ReadAction","target":["https:\/\/www.postresultzama.com\/tienda\/lotes\/nuestros-productos-postres-ultzama\/"]}]},{"@type":"ImageObject","inLanguage":"eu","@id":"https:\/\/www.postresultzama.com\/tienda\/lotes\/nuestros-productos-postres-ultzama\/#primaryimage","url":"https:\/\/www.postresultzama.com\/wp-content\/uploads\/2021\/10\/Productos-B1-11-22.jpg","contentUrl":"https:\/\/www.postresultzama.com\/wp-content\/uploads\/2021\/10\/Productos-B1-11-22.jpg","width":614,"height":614,"caption":"Lote de Productos Ultzama"},{"@type":"BreadcrumbList","@id":"https:\/\/www.postresultzama.com\/tienda\/lotes\/nuestros-productos-postres-ultzama\/#breadcrumb","itemListElement":[{"@type":"ListItem","position":1,"name":"Portada","item":"https:\/\/www.postresultzama.com\/"},{"@type":"ListItem","position":2,"name":"Tienda","item":"https:\/\/www.postresultzama.com\/tienda\/"},{"@type":"ListItem","position":3,"name":"Nuestros Productos Postres Ultzama"}]},{"@type":"WebSite","@id":"https:\/\/www.postresultzama.com\/#website","url":"https:\/\/www.postresultzama.com\/","name":"Postres Ultzama","description":"Productos artesanos y naturales con leche de oveja: leche, cuajada, yogures, helados de Postres Ultzama. Productos l\u00e1cteos de m\u00e1xima calidad.","publisher":{"@id":"https:\/\/www.postresultzama.com\/#organization"},"potentialAction":[{"@type":"SearchAction","target":{"@type":"EntryPoint","urlTemplate":"https:\/\/www.postresultzama.com\/?s={search_term_string}"},"query-input":{"@type":"PropertyValueSpecification","valueRequired":true,"valueName":"search_term_string"}}],"inLanguage":"eu"},{"@type":"Organization","@id":"https:\/\/www.postresultzama.com\/#organization","name":"Postres Ultzama","url":"https:\/\/www.postresultzama.com\/","logo":{"@type":"ImageObject","inLanguage":"eu","@id":"https:\/\/www.postresultzama.com\/#\/schema\/logo\/image\/","url":"https:\/\/www.postresultzama.com\/wp-content\/uploads\/2023\/04\/postres-ultzama-logo.png","contentUrl":"https:\/\/www.postresultzama.com\/wp-content\/uploads\/2023\/04\/postres-ultzama-logo.png","width":341,"height":288,"caption":"Postres Ultzama"},"image":{"@id":"https:\/\/www.postresultzama.com\/#\/schema\/logo\/image\/"}}]}},"_links":{"self":[{"href":"https:\/\/www.postresultzama.com\/eu\/wp-json\/wp\/v2\/product\/4672","targetHints":{"allow":["GET"]}}],"collection":[{"href":"https:\/\/www.postresultzama.com\/eu\/wp-json\/wp\/v2\/product"}],"about":[{"href":"https:\/\/www.postresultzama.com\/eu\/wp-json\/wp\/v2\/types\/product"}],"wp:featuredmedia":[{"embeddable":true,"href":"https:\/\/www.postresultzama.com\/eu\/wp-json\/wp\/v2\/media\/5062"}],"wp:attachment":[{"href":"https:\/\/www.postresultzama.com\/eu\/wp-json\/wp\/v2\/media?parent=4672"}],"wp:term":[{"taxonomy":"product_brand","embeddable":true,"href":"https:\/\/www.postresultzama.com\/eu\/wp-json\/wp\/v2\/product_brand?post=4672"},{"taxonomy":"product_cat","embeddable":true,"href":"https:\/\/www.postresultzama.com\/eu\/wp-json\/wp\/v2\/product_cat?post=4672"},{"taxonomy":"product_tag","embeddable":true,"href":"https:\/\/www.postresultzama.com\/eu\/wp-json\/wp\/v2\/product_tag?post=4672"}],"curies":[{"name":"wp","href":"https:\/\/api.w.org\/{rel}","templated":true}]}}